{"id":1414,"date":"2020-04-27T15:43:53","date_gmt":"2020-04-27T15:43:53","guid":{"rendered":"https:\/\/peacehdforphd.com\/resources\/"},"modified":"2020-12-01T09:36:13","modified_gmt":"2020-12-01T09:36:13","slug":"resources","status":"publish","type":"page","link":"https:\/\/peacehdforphd.com\/es\/resources\/","title":{"rendered":"Recursos"},"content":{"rendered":"<p>[vc_row css_animation=&#8221;&#8221; row_type=&#8221;row&#8221; use_row_as_full_screen_section=&#8221;no&#8221; type=&#8221;grid&#8221; angled_section=&#8221;no&#8221; text_align=&#8221;left&#8221; background_image_as_pattern=&#8221;without_pattern&#8221; z_index=&#8221;&#8221; css=&#8221;.vc_custom_1606597258060{padding-top: 15% !important;padding-bottom: 5% !important;}&#8221;][vc_column][vc_column_text]<\/p>\n<h3 class=\"CDt4Ke zfr3Q\" dir=\"ltr\">Recursos<\/h3>\n<p>[\/vc_column_text][vc_empty_space height=&#8221;10px&#8221;][vc_column_text]<\/p>\n<h6 class=\"CDt4Ke zfr3Q\" dir=\"ltr\">Aqu\u00ed encontrar\u00e1s algunos recursos que pueden resultarte \u00fatiles si est\u00e1s teniendo un doctorado dif\u00edcil.<\/h6>\n<p>[\/vc_column_text][vc_empty_space][vc_column_text]<\/p>\n<p dir=\"ltr\">No est\u00e1n relacionados solamente con el doctorado, pero pueden ayudarte a investigar de manera m\u00e1s profunda distintas \u00e1reas de tu vida.<\/p>\n<p dir=\"ltr\">\u00bfQuieres a\u00f1adir alguno? \u00a1Cu\u00e9ntame cu\u00e1les son y por qu\u00e9 te gustan, y los incluir\u00e9!<\/p>\n<p>[\/vc_column_text][\/vc_column][\/vc_row][vc_row css_animation=&#8221;&#8221; row_type=&#8221;row&#8221; use_row_as_full_screen_section=&#8221;no&#8221; type=&#8221;full_width&#8221; angled_section=&#8221;no&#8221; text_align=&#8221;left&#8221; background_image_as_pattern=&#8221;without_pattern&#8221; z_index=&#8221;&#8221;][vc_column][qode_elements_holder number_of_columns=&#8221;three_columns&#8221;][qode_elements_holder_item advanced_animations=&#8221;no&#8221; background_color=&#8221;#daf1ef&#8221; item_padding=&#8221;10%&#8221;]<span data-type=\"normal\"  class=\"qode_icon_shortcode  q_font_awsome_icon fa-3x pull-center \" style=\" \"><i class=\"qode_icon_font_awesome fa fa-book qode_icon_element\" style=\"\" ><\/i><\/span>[vc_empty_space height=&#8221;10px&#8221;][vc_column_text]<\/p>\n<h6 style=\"text-align: center;\"><strong>Libros<\/strong><\/h6>\n<p>[\/vc_column_text][vc_empty_space height=&#8221;20px&#8221;]<div class='q_list circle'><\/p>\n<ul>\n<li>Deep Work<\/li>\n<li>Breaking Free from the Codependency Trap<\/li>\n<li>The flight from Intimacy<\/li>\n<\/ul>\n<p><\/div>[\/qode_elements_holder_item][qode_elements_holder_item advanced_animations=&#8221;no&#8221; background_color=&#8221;#f4f5f9&#8243; item_padding=&#8221;10%&#8221;]<span data-type=\"normal\"  class=\"qode_icon_shortcode  q_font_awsome_icon fa-3x pull-center \" style=\" \"><i class=\"qode_icon_font_awesome fa fa-podcast qode_icon_element\" style=\"\" ><\/i><\/span>[vc_empty_space height=&#8221;10px&#8221;][vc_column_text]<\/p>\n<h6 style=\"text-align: center;\"><strong>Podcasts<\/strong><\/h6>\n<p>[\/vc_column_text][vc_empty_space height=&#8221;20px&#8221;]<div class='q_list circle'><\/p>\n<ul>\n<li><a href=\"https:\/\/www.happinesslab.fm\/\" target=\"_blank\" rel=\"noopener noreferrer\">The Happiness Lab<\/a><\/li>\n<li><a href=\"https:\/\/www.dequetienehambretuvida.com\/\" target=\"_blank\" rel=\"noopener noreferrer\">De que tiene hambre tu vida?<\/a><\/li>\n<li><a href=\"https:\/\/open.spotify.com\/show\/19AcHJwbCck5AO41Mi1fct?si=3nvWd7FQTzG7JqxrlLLqzQ\" target=\"_blank\" rel=\"noopener noreferrer\">Como vivir con calma mental<\/a><\/li>\n<\/ul>\n<p><\/div>[\/qode_elements_holder_item][qode_elements_holder_item advanced_animations=&#8221;no&#8221; background_color=&#8221;#daf1ef&#8221; item_padding=&#8221;10%&#8221;]<span data-type=\"normal\"  class=\"qode_icon_shortcode  q_font_awsome_icon fa-3x pull-center \" style=\" \"><i class=\"qode_icon_font_awesome fa fa-wifi qode_icon_element\" style=\"\" ><\/i><\/span>[vc_empty_space height=&#8221;10px&#8221;][vc_column_text]<\/p>\n<h6 style=\"text-align: center;\"><strong>P\u00e1ginas Web<\/strong><\/h6>\n<p>[\/vc_column_text][vc_empty_space height=&#8221;20px&#8221;]<div class='q_list circle'><\/p>\n<ul>\n<li><a href=\"https:\/\/waitbutwhy.com\/2013\/10\/why-procrastinators-procrastinate.html\" target=\"_blank\" rel=\"noopener noreferrer\">Why procrastinators procrastinate<\/a><\/li>\n<li><a href=\"https:\/\/waitbutwhy.com\/2013\/11\/how-to-beat-procrastination.html\" target=\"_blank\" rel=\"noopener noreferrer\">Why to beat procrastination?<\/a><\/li>\n<li><a href=\"https:\/\/www.nami.org\/Home\" target=\"_blank\" rel=\"noopener noreferrer\">National Alliance on Mental Illness<\/a><\/li>\n<\/ul>\n<p><\/div>[\/qode_elements_holder_item][\/qode_elements_holder][\/vc_column][\/vc_row][vc_row css_animation=&#8221;&#8221; row_type=&#8221;row&#8221; use_row_as_full_screen_section=&#8221;no&#8221; type=&#8221;full_width&#8221; angled_section=&#8221;no&#8221; text_align=&#8221;left&#8221; background_image_as_pattern=&#8221;without_pattern&#8221; z_index=&#8221;&#8221; css=&#8221;.vc_custom_1606771051307{margin-top: 20px !important;}&#8221;][vc_column][vc_row_inner row_type=&#8221;row&#8221; type=&#8221;full_width&#8221; text_align=&#8221;left&#8221; css_animation=&#8221;&#8221;][vc_column_inner][qode_elements_holder number_of_columns=&#8221;two_columns&#8221; columns_proportion=&#8221;33_66&#8243;][qode_elements_holder_item vertical_alignment=&#8221;top&#8221; advanced_animations=&#8221;no&#8221; background_color=&#8221;#bed3d0&#8243; item_padding=&#8221;20% 10%&#8221;][vc_column_text]<\/p>\n<h3 dir=\"ltr\">Let&#8217;s create a list of counseling services of all universities!<\/h3>\n<p>[\/vc_column_text][vc_empty_space height=&#8221;10px&#8221;][vc_column_text]<\/p>\n<p dir=\"ltr\">If you have attended counseling\/therapy at your university, tell us about it so that other students can use it too.<\/p>\n<p>[\/vc_column_text][\/qode_elements_holder_item][qode_elements_holder_item vertical_alignment=&#8221;top&#8221; advanced_animations=&#8221;no&#8221; item_padding=&#8221;5% 10%&#8221;]<div role=\"form\" class=\"wpcf7\" id=\"wpcf7-f1429-o1\" lang=\"es-ES\" dir=\"ltr\">\n<div class=\"screen-reader-response\"><p role=\"status\" aria-live=\"polite\" aria-atomic=\"true\"><\/p> <ul><\/ul><\/div>\n<form action=\"\/es\/wp-json\/wp\/v2\/pages\/1414#wpcf7-f1429-o1\" method=\"post\" class=\"wpcf7-form init cf7_custom_style_1\" novalidate=\"novalidate\" data-status=\"init\">\n<div style=\"display: none;\">\n<input type=\"hidden\" name=\"_wpcf7\" value=\"1429\" \/>\n<input type=\"hidden\" name=\"_wpcf7_version\" value=\"5.3.2\" \/>\n<input type=\"hidden\" name=\"_wpcf7_locale\" value=\"es_ES\" \/>\n<input type=\"hidden\" name=\"_wpcf7_unit_tag\" value=\"wpcf7-f1429-o1\" \/>\n<input type=\"hidden\" name=\"_wpcf7_container_post\" value=\"0\" \/>\n<input type=\"hidden\" name=\"_wpcf7_posted_data_hash\" value=\"\" \/>\n<input type=\"hidden\" name=\"_wpcf7_recaptcha_response\" value=\"\" \/>\n<\/div>\n<div class=\"wpb_column vc_column_container vc_col-12 vc_col-lg-12\" style=\"padding:15px; margin-bottom:10px !important; background:#f4f5f9; border-right:1px solid #d3d3d3;\">\n<label> <b>Nombre\/enlace <spam style=\"color:red\">*<\/spam><\/b> <span class=\"wpcf7-form-control-wrap text_name\"><input type=\"text\" name=\"text_name\" value=\"\" size=\"40\" class=\"wpcf7-form-control wpcf7-text wpcf7-validates-as-required\" aria-required=\"true\" aria-invalid=\"false\" \/><\/span> <\/label>\n<\/div>\n<div class=\"wpb_column vc_column_container vc_col-12 vc_col-lg-12\" style=\"padding:15px; margin-bottom:10px; background:#f4f5f9; border-right:1px solid #d3d3d3;\">\n<b>Es un\/a <spam style=\"color:red\">*<\/spam><\/b><br \/>\n<span class=\"wpcf7-form-control-wrap radio_tipo\"><span class=\"wpcf7-form-control wpcf7-radio\"><span class=\"wpcf7-list-item first\"><span class=\"wpcf7-list-item-label\">Libro<\/span><input type=\"radio\" name=\"radio_tipo\" value=\"Libro\" \/><\/span><span class=\"wpcf7-list-item\"><span class=\"wpcf7-list-item-label\">Podcast<\/span><input type=\"radio\" name=\"radio_tipo\" value=\"Podcast\" \/><\/span><span class=\"wpcf7-list-item last\"><span class=\"wpcf7-list-item-label\">P\u00e1gina Web<\/span><input type=\"radio\" name=\"radio_tipo\" value=\"P\u00e1gina Web\" \/><\/span><\/span><\/span>\n<\/div>\n<div class=\"wpb_column vc_column_container vc_col-12 vc_col-lg-12\" style=\"padding:15px; margin-bottom:10px !important; background:#f4f5f9;\">\n<label> <b>Descripci\u00f3n Corta <spam style=\"color:red\">*<\/spam><\/b>  <span class=\"wpcf7-form-control-wrap text_desc\"><textarea name=\"text_desc\" cols=\"40\" rows=\"10\" class=\"wpcf7-form-control wpcf7-textarea wpcf7-validates-as-required\" aria-required=\"true\" aria-invalid=\"false\"><\/textarea><\/span> <\/label>\n<\/div>\n<div class=\"wpb_column vc_column_container vc_col-sm-12\" style=\"margin-top:20px; margin-bottom:10px;\">\n<spam style=\"color:red\">*<\/spam> Campos obligatorios\n<\/div>\n<div class=\"wpb_column vc_column_container vc_col-sm-12\" style=\"margin-top:10px; margin-bottom:30px;\">\n<span class=\"wpcf7-form-control-wrap acceptance-287\"><span class=\"wpcf7-form-control wpcf7-acceptance\"><span class=\"wpcf7-list-item\"><input type=\"checkbox\" name=\"acceptance-287\" value=\"1\" aria-invalid=\"false\" \/><\/span><\/span><\/span> He le\u00eddo, entiendo y acepto la <a href=\"https:\/\/peacehdforphd.com\/en\/legal\" target=\"_blank\">Pol\u00edtica de Privacidad<\/a>.\n<\/div>\n<div class=\"wpb_column vc_column_container vc_col-12\" style=\"margin-top:10px;\">\n<input type=\"submit\" value=\"Enviar\" class=\"wpcf7-form-control wpcf7-submit\" \/>\n<\/div>\n<input type='hidden' class='wpcf7-pum' value='{\"closepopup\":false,\"closedelay\":0,\"openpopup\":false,\"openpopup_id\":0}' \/><div class=\"wpcf7-response-output\" aria-hidden=\"true\"><\/div><\/form><\/div>[\/qode_elements_holder_item][\/qode_elements_holder][\/vc_column_inner][\/vc_row_inner][\/vc_column][\/vc_row]<\/p>\n","protected":false},"excerpt":{"rendered":"<p>[vc_row css_animation=&#8221;&#8221; row_type=&#8221;row&#8221; use_row_as_full_screen_section=&#8221;no&#8221; type=&#8221;grid&#8221; angled_section=&#8221;no&#8221; text_align=&#8221;left&#8221; background_image_as_pattern=&#8221;without_pattern&#8221; z_index=&#8221;&#8221; css=&#8221;.vc_custom_1606597258060{padding-top: 15% !important;padding-bottom: 5% !important;}&#8221;][vc_column][vc_column_text] Recursos [\/vc_column_text][vc_empty_space height=&#8221;10px&#8221;][vc_column_text] Aqu\u00ed encontrar\u00e1s algunos recursos que pueden resultarte \u00fatiles si est\u00e1s teniendo un doctorado dif\u00edcil. [\/vc_column_text][vc_empty_space][vc_column_text] No est\u00e1n relacionados solamente con el doctorado, pero pueden ayudarte a investigar de&#8230;<\/p>\n","protected":false},"author":1,"featured_media":0,"parent":0,"menu_order":0,"comment_status":"closed","ping_status":"closed","template":"full_width.php","meta":[],"yoast_head":"<!-- This site is optimized with the Yoast SEO plugin v15.8 - https:\/\/yoast.com\/wordpress\/plugins\/seo\/ -->\n<title>Recursos - Peacehd<\/title>\n<meta name=\"robots\" content=\"index, follow, max-snippet:-1, max-image-preview:large, max-video-preview:-1\" \/>\n<link rel=\"canonical\" href=\"https:\/\/peacehdforphd.com\/es\/resources\/\" \/>\n<meta property=\"og:locale\" content=\"es_ES\" \/>\n<meta property=\"og:type\" content=\"article\" \/>\n<meta property=\"og:title\" content=\"Recursos - Peacehd\" \/>\n<meta property=\"og:description\" content=\"[vc_row css_animation=&#8221;&#8221; row_type=&#8221;row&#8221; use_row_as_full_screen_section=&#8221;no&#8221; type=&#8221;grid&#8221; angled_section=&#8221;no&#8221; text_align=&#8221;left&#8221; background_image_as_pattern=&#8221;without_pattern&#8221; z_index=&#8221;&#8221; css=&#8221;.vc_custom_1606597258060{padding-top: 15% !important;padding-bottom: 5% !important;}&#8221;][vc_column][vc_column_text] Recursos [\/vc_column_text][vc_empty_space height=&#8221;10px&#8221;][vc_column_text] Aqu\u00ed encontrar\u00e1s algunos recursos que pueden resultarte \u00fatiles si est\u00e1s teniendo un doctorado dif\u00edcil. [\/vc_column_text][vc_empty_space][vc_column_text] No est\u00e1n relacionados solamente con el doctorado, pero pueden ayudarte a investigar de...\" \/>\n<meta property=\"og:url\" content=\"https:\/\/peacehdforphd.com\/es\/resources\/\" \/>\n<meta property=\"og:site_name\" content=\"Peacehd\" \/>\n<meta property=\"article:modified_time\" content=\"2020-12-01T09:36:13+00:00\" \/>\n<meta name=\"twitter:card\" content=\"summary_large_image\" \/>\n<meta name=\"twitter:label1\" content=\"Tiempo de lectura\">\n\t<meta name=\"twitter:data1\" content=\"3 minutos\">\n<script type=\"application\/ld+json\" class=\"yoast-schema-graph\">{\"@context\":\"https:\/\/schema.org\",\"@graph\":[{\"@type\":\"Organization\",\"@id\":\"https:\/\/peacehdforphd.com\/en\/#organization\",\"name\":\"PeacehD for PhD\",\"url\":\"https:\/\/peacehdforphd.com\/en\/\",\"sameAs\":[],\"logo\":{\"@type\":\"ImageObject\",\"@id\":\"https:\/\/peacehdforphd.com\/en\/#logo\",\"inLanguage\":\"es\",\"url\":\"https:\/\/peacehdforphd.com\/wp-content\/uploads\/2020\/11\/PeacehD_logo2.png\",\"width\":371,\"height\":60,\"caption\":\"PeacehD for PhD\"},\"image\":{\"@id\":\"https:\/\/peacehdforphd.com\/en\/#logo\"}},{\"@type\":\"WebSite\",\"@id\":\"https:\/\/peacehdforphd.com\/en\/#website\",\"url\":\"https:\/\/peacehdforphd.com\/en\/\",\"name\":\"Peacehd\",\"description\":\"Do your PhD in peace\",\"publisher\":{\"@id\":\"https:\/\/peacehdforphd.com\/en\/#organization\"},\"potentialAction\":[{\"@type\":\"SearchAction\",\"target\":\"https:\/\/peacehdforphd.com\/en\/?s={search_term_string}\",\"query-input\":\"required name=search_term_string\"}],\"inLanguage\":\"es\"},{\"@type\":\"WebPage\",\"@id\":\"https:\/\/peacehdforphd.com\/es\/resources\/#webpage\",\"url\":\"https:\/\/peacehdforphd.com\/es\/resources\/\",\"name\":\"Recursos - Peacehd\",\"isPartOf\":{\"@id\":\"https:\/\/peacehdforphd.com\/en\/#website\"},\"datePublished\":\"2020-04-27T15:43:53+00:00\",\"dateModified\":\"2020-12-01T09:36:13+00:00\",\"breadcrumb\":{\"@id\":\"https:\/\/peacehdforphd.com\/es\/resources\/#breadcrumb\"},\"inLanguage\":\"es\",\"potentialAction\":[{\"@type\":\"ReadAction\",\"target\":[\"https:\/\/peacehdforphd.com\/es\/resources\/\"]}]},{\"@type\":\"BreadcrumbList\",\"@id\":\"https:\/\/peacehdforphd.com\/es\/resources\/#breadcrumb\",\"itemListElement\":[{\"@type\":\"ListItem\",\"position\":1,\"item\":{\"@type\":\"WebPage\",\"@id\":\"https:\/\/peacehdforphd.com\/es\/home\/\",\"url\":\"https:\/\/peacehdforphd.com\/es\/home\/\",\"name\":\"Home\"}},{\"@type\":\"ListItem\",\"position\":2,\"item\":{\"@type\":\"WebPage\",\"@id\":\"https:\/\/peacehdforphd.com\/es\/resources\/\",\"url\":\"https:\/\/peacehdforphd.com\/es\/resources\/\",\"name\":\"Recursos\"}}]}]}<\/script>\n<!-- \/ Yoast SEO plugin. -->","_links":{"self":[{"href":"https:\/\/peacehdforphd.com\/es\/wp-json\/wp\/v2\/pages\/1414"}],"collection":[{"href":"https:\/\/peacehdforphd.com\/es\/wp-json\/wp\/v2\/pages"}],"about":[{"href":"https:\/\/peacehdforphd.com\/es\/wp-json\/wp\/v2\/types\/page"}],"author":[{"embeddable":true,"href":"https:\/\/peacehdforphd.com\/es\/wp-json\/wp\/v2\/users\/1"}],"replies":[{"embeddable":true,"href":"https:\/\/peacehdforphd.com\/es\/wp-json\/wp\/v2\/comments?post=1414"}],"version-history":[{"count":4,"href":"https:\/\/peacehdforphd.com\/es\/wp-json\/wp\/v2\/pages\/1414\/revisions"}],"predecessor-version":[{"id":1418,"href":"https:\/\/peacehdforphd.com\/es\/wp-json\/wp\/v2\/pages\/1414\/revisions\/1418"}],"wp:attachment":[{"href":"https:\/\/peacehdforphd.com\/es\/wp-json\/wp\/v2\/media?parent=1414"}],"curies":[{"name":"wp","href":"https:\/\/api.w.org\/{rel}","templated":true}]}}