{"id":1402,"date":"2020-10-31T16:06:57","date_gmt":"2020-10-31T16:06:57","guid":{"rendered":"https:\/\/peacehdforphd.com\/support-from-professionals\/individual-therapy\/"},"modified":"2020-12-01T21:22:02","modified_gmt":"2020-12-01T21:22:02","slug":"individual-therapy","status":"publish","type":"page","link":"https:\/\/peacehdforphd.com\/es\/support-from-professionals\/individual-therapy\/","title":{"rendered":"Terapia individual"},"content":{"rendered":"<p>[vc_row css_animation=&#8221;&#8221; row_type=&#8221;row&#8221; use_row_as_full_screen_section=&#8221;no&#8221; type=&#8221;grid&#8221; angled_section=&#8221;no&#8221; text_align=&#8221;left&#8221; background_image_as_pattern=&#8221;without_pattern&#8221; z_index=&#8221;&#8221; css=&#8221;.vc_custom_1606763641346{padding-top: 15% !important;padding-bottom: 2% !important;}&#8221;][vc_column][vc_column_text]<\/p>\r\n<h3>Terapia individual<\/h3>\r\n<p>[\/vc_column_text][vc_empty_space height=&#8221;15px&#8221;][vc_column_text]<\/p>\r\n<p>Si necesitas un proceso m\u00e1s largo y profundo en el que tambi\u00e9n puedes tratas problemas distintos al doctorado, puedes optar por terapia individual.<\/p>\r\n<p>[\/vc_column_text][\/vc_column][\/vc_row][vc_row css_animation=&#8221;&#8221; row_type=&#8221;row&#8221; use_row_as_full_screen_section=&#8221;no&#8221; type=&#8221;full_width&#8221; angled_section=&#8221;no&#8221; text_align=&#8221;left&#8221; background_image_as_pattern=&#8221;without_pattern&#8221;][vc_column][qode_elements_holder number_of_columns=&#8221;four_columns&#8221;][qode_elements_holder_item cover=&#8221;yes&#8221; vertical_alignment=&#8221;bottom&#8221; advanced_animations=&#8221;no&#8221; item_padding=&#8221;5%&#8221; background_image=&#8221;1304&#8243; custom_class=&#8221;col_foto&#8221;][vc_column_text]<\/p>\r\n<h6 dir=\"ltr\" style=\"text-align: right;\">ANA GUTI\u00c9RREZ<\/h6>\r\n<p>[\/vc_column_text][vc_empty_space height=&#8221;5px&#8221;][vc_column_text]<\/p>\r\n<p dir=\"ltr\" style=\"text-align: right;\">Terapia en ingl\u00e9s, espa\u00f1ol y catal\u00e1n<\/p>\r\n<p>[\/vc_column_text][\/qode_elements_holder_item][qode_elements_holder_item vertical_alignment=&#8221;top&#8221; advanced_animations=&#8221;no&#8221; item_padding=&#8221;8%&#8221; background_color=&#8221;#f4f5f9&#8243;][vc_column_text]<\/p>\r\n<p dir=\"ltr\"><strong>Sobre m\u00ed:<\/strong><\/p>\r\n<p>[\/vc_column_text][vc_empty_space height=&#8221;5px&#8221;][vc_column_text]<\/p>\r\n<p dir=\"ltr\">Hola, me llamo Ana y vivo en Barcelona. Me considero una persona emp\u00e1tica, sensible y con capacidad de adaptaci\u00f3n a los cambios. Soy amante de los animales, la naturaleza y la danza y, soy una reci\u00e9n estrenada mam\u00e1.<\/p>\r\n<p>[\/vc_column_text][\/qode_elements_holder_item][qode_elements_holder_item vertical_alignment=&#8221;top&#8221; advanced_animations=&#8221;no&#8221; item_padding=&#8221;8%&#8221; background_color=&#8221;#eaebef&#8221;][vc_column_text]<\/p>\r\n<p dir=\"ltr\"><strong>\u00a0Estilo de terapia y experiencia:<\/strong><\/p>\r\n<p>[\/vc_column_text][vc_empty_space height=&#8221;5px&#8221;][vc_column_text]<\/p>\r\n<div>A la hora de trabajar me ayudo de modelos psicoterap\u00e9uticos\u00a0con una mirada relacional (terapia familiar-sist\u00e9mica y teor\u00eda\u00a0del apego), para entender el origen del sufrimiento y activar los recursos de cada persona para el cambio.<\/div>\r\n<div>\u00a0<\/div>\r\n<div>Me describir\u00eda como una terapeuta activa, directa y emocional.<\/div>\r\n<p>[\/vc_column_text][\/qode_elements_holder_item][qode_elements_holder_item vertical_alignment=&#8221;top&#8221; advanced_animations=&#8221;no&#8221; item_padding=&#8221;8%&#8221; background_color=&#8221;#d9dadd&#8221;][vc_column_text]<\/p>\r\n<p dir=\"ltr\"><strong>Mi experiencia con el mundo del doctorado:<\/strong><\/p>\r\n<p>[\/vc_column_text][vc_empty_space height=&#8221;5px&#8221;][vc_column_text]<\/p>\r\n<p dir=\"ltr\">Me licenci\u00e9 en Psicolog\u00eda en la Universidad de Barcelona. Al acabar la carrera curs\u00e9 un M\u00e1ster en Neurociencias, lo que me llev\u00f3 a entrar en el mundo de la investigaci\u00f3n. Trabaj\u00e9 durante 3 a\u00f1os en el Center for Brain and Cognition de la Universitat Pompeu Fabra,\u00a0como\u00a0research assistant y m\u00e1s tarde como coordinadora del Babylab.<\/p>\r\n<div>En 2013 dej\u00e9 el laboratorio y empec\u00e9 mi carrera como psic\u00f3loga cl\u00ednica. He tenido a varios estudiantes de doctorado como clientes y empatizo con los que se encuentran con sufrimiento por el camino.<\/div>\r\n<p>[\/vc_column_text][\/qode_elements_holder_item][\/qode_elements_holder][\/vc_column][\/vc_row][vc_row css_animation=&#8221;&#8221; row_type=&#8221;row&#8221; use_row_as_full_screen_section=&#8221;no&#8221; type=&#8221;full_width&#8221; angled_section=&#8221;no&#8221; text_align=&#8221;left&#8221; background_image_as_pattern=&#8221;without_pattern&#8221; css=&#8221;.vc_custom_1606761202414{padding-top: 20px !important;}&#8221; z_index=&#8221;&#8221;][vc_column][qode_elements_holder number_of_columns=&#8221;four_columns&#8221;][qode_elements_holder_item cover=&#8221;yes&#8221; vertical_alignment=&#8221;bottom&#8221; advanced_animations=&#8221;no&#8221; item_padding=&#8221;5%&#8221; background_image=&#8221;1308&#8243; custom_class=&#8221;col_foto&#8221;][vc_column_text]<\/p>\r\n<h6 dir=\"ltr\" style=\"text-align: right;\">ANNA POOLEY<\/h6>\r\n<p>[\/vc_column_text][vc_empty_space height=&#8221;5px&#8221;][vc_column_text]<\/p>\r\n<p dir=\"ltr\" style=\"text-align: right;\">Therapy in English, Spanish, Catalan<\/p>\r\n<p>[\/vc_column_text][\/qode_elements_holder_item][qode_elements_holder_item vertical_alignment=&#8221;top&#8221; advanced_animations=&#8221;no&#8221; item_padding=&#8221;8%&#8221; background_color=&#8221;#f4f5f9&#8243;][vc_column_text]<\/p>\r\n<p dir=\"ltr\"><strong>Sobre m\u00ed:<\/strong><\/p>\r\n<p>[\/vc_column_text][vc_empty_space height=&#8221;5px&#8221;][vc_column_text]<\/p>\r\n<p>Me llamo Anna y provengo de un hogar multicultural, con un padre ingl\u00e9s y una madre catalana, por lo que el catal\u00e1n, el castellano y el ingl\u00e9s son mis lenguas maternas. Me interesa c\u00f3mo la cultura y la lengua ayudan a dar forma a nuestra identidad y percepci\u00f3n personal: tanto las culturas dentro de las que nacemos, como aquello que heredamos de nuestras familias, y los contextos en los que vivimos nuestras vidas (a nivel personal, profesional y social).<\/p>\r\n<p>[\/vc_column_text][\/qode_elements_holder_item][qode_elements_holder_item vertical_alignment=&#8221;top&#8221; advanced_animations=&#8221;no&#8221; item_padding=&#8221;8%&#8221; background_color=&#8221;#eaebef&#8221;][vc_column_text]<\/p>\r\n<p dir=\"ltr\"><strong>Estilo de terapia y experiencia:<\/strong><\/p>\r\n<p>[\/vc_column_text][vc_empty_space height=&#8221;5px&#8221;][vc_column_text]<\/p>\r\n<p>En lo profesional, tengo ocho a\u00f1os de experiencia trabajando con personas de distintas culturas que se embarcaron en la aventura de mudarse a un pa\u00eds distinto al suyo, y con una cultura diferente, motivadas por el deseo de conseguir mejores ofertas de trabajo, el amor, el deseo de algo mejor, o para vivir de acuerdo a sus valores personales. Este suele ser un proceso de autodescubrimiento y conocimiento de nuestras ra\u00edces, desarrollado mientras creamos unas nuevas, que se apoyan en nuestras decisiones diarias y el enfoque que queremos dar a nuestras vidas.<\/p>\r\n<p>[\/vc_column_text][\/qode_elements_holder_item][qode_elements_holder_item vertical_alignment=&#8221;top&#8221; advanced_animations=&#8221;no&#8221; item_padding=&#8221;8%&#8221; background_color=&#8221;#d9dadd&#8221;][vc_column_text]<\/p>\r\n<p dir=\"ltr\"><strong>Mi experiencia con el mundo del doctorado:<\/strong><\/p>\r\n<p>[\/vc_column_text][vc_empty_space height=&#8221;5px&#8221;][vc_column_text]<\/p>\r\n<p>He trabajado conjuntamente con muchas mujeres pertenecientes al mundo del doctorado y de la ciencia, un entorno complejo en el que, aun teniendo a la ciencia como lengua com\u00fan, surgen desaf\u00edos entre las exigencias y las expectativas de los doctorandos y sus valores, anhelos, deseos y metas. Mi objetivo es servir como catalizador de las herramientas de cada persona, a trav\u00e9s de un m\u00e9todo de trabajo dise\u00f1ado a medida, que facilite conseguir los objetivos deseados, as\u00ed como ofrecer apoyo a la hora de resolver dilemas o problemas derivados de una mala comunicaci\u00f3n dentro de las distintas relaciones profesionales (ya sea con los compa\u00f1eros, supervisores o investigadores principales), y fomentar la confianza y el aprecio por uno mismo que permita plantar cara a los posibles desaf\u00edos futuros.<\/p>\r\n<p>[\/vc_column_text][\/qode_elements_holder_item][\/qode_elements_holder][\/vc_column][\/vc_row][vc_row css_animation=&#8221;&#8221; row_type=&#8221;row&#8221; use_row_as_full_screen_section=&#8221;no&#8221; type=&#8221;full_width&#8221; angled_section=&#8221;no&#8221; text_align=&#8221;left&#8221; background_image_as_pattern=&#8221;without_pattern&#8221; css=&#8221;.vc_custom_1606761193910{margin-top: 20px !important;}&#8221; z_index=&#8221;&#8221;][vc_column][qode_elements_holder number_of_columns=&#8221;four_columns&#8221;][qode_elements_holder_item cover=&#8221;yes&#8221; vertical_alignment=&#8221;bottom&#8221; advanced_animations=&#8221;no&#8221; item_padding=&#8221;5%&#8221; background_image=&#8221;1306&#8243; custom_class=&#8221;col_foto&#8221;][vc_column_text]<\/p>\r\n<h6 dir=\"ltr\" style=\"text-align: right;\">ORNELLA CASTAGNETTA<\/h6>\r\n<p>[\/vc_column_text][vc_empty_space height=&#8221;5px&#8221;][vc_column_text]<\/p>\r\n<p dir=\"ltr\" style=\"text-align: right;\">Terapia en espa\u00f1ol e italiano<\/p>\r\n<p>[\/vc_column_text][\/qode_elements_holder_item][qode_elements_holder_item vertical_alignment=&#8221;top&#8221; advanced_animations=&#8221;no&#8221; item_padding=&#8221;8%&#8221; background_color=&#8221;#f4f5f9&#8243;][vc_column_text]<\/p>\r\n<p dir=\"ltr\"><strong>Sobre m\u00ed:<\/strong><\/p>\r\n<p>[\/vc_column_text][vc_empty_space height=&#8221;5px&#8221;][vc_column_text]<\/p>\r\n<p>Ciao! Me llamo Ornella y soy italiana. Desde el a\u00f1o 2013 vivo en Barcelona. Me gusta mucho re\u00edr y disfrutar de las relaciones personales, por esto mi lema es \u201c<em>compartir es vivir<\/em>\u201d. En mi tiempo libre me gusta dedicarme a cocinar o aprovechar del buen tiempo para disfrutar del sol.<\/p>\r\n<p>[\/vc_column_text][\/qode_elements_holder_item][qode_elements_holder_item vertical_alignment=&#8221;top&#8221; advanced_animations=&#8221;no&#8221; item_padding=&#8221;8%&#8221; background_color=&#8221;#eaebef&#8221;][vc_column_text]<\/p>\r\n<p dir=\"ltr\"><strong>Estilo de terapia y experiencia:<\/strong><\/p>\r\n<p>[\/vc_column_text][vc_empty_space height=&#8221;5px&#8221;][vc_column_text]<\/p>\r\n<p>Soy Psic\u00f3loga General Sanitaria y Doctora en Psicolog\u00eda. Especializada en terapia individual y de pareja. Trabajo con un enfoque sist\u00e9mico-relacional. Considero el proceso terap\u00e9utico como una relaci\u00f3n de colaboraci\u00f3n entre terapeuta y paciente cuyo objetivo com\u00fan es llegar a desarrollar una visi\u00f3n m\u00e1s amplia y\/o alternativa del \u201cproblema\u201d que ha llevado a terapia.<\/p>\r\n<p>[\/vc_column_text][\/qode_elements_holder_item][qode_elements_holder_item vertical_alignment=&#8221;top&#8221; advanced_animations=&#8221;no&#8221; item_padding=&#8221;8%&#8221; background_color=&#8221;#d9dadd&#8221;][vc_column_text]<\/p>\r\n<p dir=\"ltr\"><strong>Mi experiencia con el mundo del doctorado:<\/strong><\/p>\r\n<p>[\/vc_column_text][vc_empty_space height=&#8221;5px&#8221;][vc_column_text]<\/p>\r\n<p>Yo tambi\u00e9n he sido doctoranda, empec\u00e9 mi doctorado reci\u00e9n instalada en Barcelona y, en una fase que para m\u00ed era de pleno cambio, tuve que enfrentarme a este grande reto que era el doctorado. Han sido a\u00f1os complicados, lleno de estr\u00e9s y de altibajos emocionales, esto me llev\u00f3, entre otros motivos, a empezar un proceso terap\u00e9utico. Hoy estoy aqu\u00ed y apuesto por el proyecto \u201cPeacehD\u201d y estar\u00e9 encantada de ofrecerte mi ayuda.<\/p>\r\n<p>[\/vc_column_text][\/qode_elements_holder_item][\/qode_elements_holder][vc_row_inner row_type=&#8221;row&#8221; type=&#8221;full_width&#8221; text_align=&#8221;left&#8221; css_animation=&#8221;&#8221;][vc_column_inner][qode_elements_holder number_of_columns=&#8221;two_columns&#8221; columns_proportion=&#8221;25_75&#8243;][qode_elements_holder_item vertical_alignment=&#8221;top&#8221; advanced_animations=&#8221;no&#8221; background_color=&#8221;#daf1ef&#8221; item_padding=&#8221;20% 10%&#8221;][vc_column_text]<\/p>\r\n<h3 dir=\"ltr\">Para reservar una sesi\u00f3n<\/h3>\r\n<p>[\/vc_column_text][vc_empty_space height=&#8221;10px&#8221;][vc_column_text]<\/p>\r\n<p dir=\"ltr\">completa el formulario y recibir\u00e1s un correo con los detalles de pago y la disponibilidad de la terapeuta<\/p>\r\n<p>[\/vc_column_text][vc_empty_space][vc_column_text]<\/p>\r\n<p dir=\"ltr\">Precio: <strong>60 euros\/ sesi\u00f3n<\/strong><\/p>\r\n<p>[\/vc_column_text][vc_empty_space height=&#8221;5px&#8221;][vc_column_text]<\/p>\r\n<p dir=\"ltr\">Sitio: <strong>Zoom o Skype<\/strong><\/p>\r\n<p>[\/vc_column_text][\/qode_elements_holder_item][qode_elements_holder_item vertical_alignment=&#8221;top&#8221; advanced_animations=&#8221;no&#8221; item_padding=&#8221;5% 10%&#8221;]<div role=\"form\" class=\"wpcf7\" id=\"wpcf7-f1433-o1\" lang=\"es-ES\" dir=\"ltr\">\n<div class=\"screen-reader-response\"><p role=\"status\" aria-live=\"polite\" aria-atomic=\"true\"><\/p> <ul><\/ul><\/div>\n<form action=\"\/es\/wp-json\/wp\/v2\/pages\/1402#wpcf7-f1433-o1\" method=\"post\" class=\"wpcf7-form init cf7_custom_style_1\" novalidate=\"novalidate\" data-status=\"init\">\n<div style=\"display: none;\">\n<input type=\"hidden\" name=\"_wpcf7\" value=\"1433\" \/>\n<input type=\"hidden\" name=\"_wpcf7_version\" value=\"5.3.2\" \/>\n<input type=\"hidden\" name=\"_wpcf7_locale\" value=\"es_ES\" \/>\n<input type=\"hidden\" name=\"_wpcf7_unit_tag\" value=\"wpcf7-f1433-o1\" \/>\n<input type=\"hidden\" name=\"_wpcf7_container_post\" value=\"0\" \/>\n<input type=\"hidden\" name=\"_wpcf7_posted_data_hash\" value=\"\" \/>\n<input type=\"hidden\" name=\"_wpcf7_recaptcha_response\" value=\"\" \/>\n<\/div>\n<div class=\"wpb_column vc_column_container vc_col-12 vc_col-lg-6\" style=\"padding:15px; margin-bottom:10px !important; background:#f4f5f9; border-right:1px solid #d3d3d3;\">\n<label> <b>Name and Surname <spam style=\"color:red\">*<\/spam><\/b> <span class=\"wpcf7-form-control-wrap your-name\"><input type=\"text\" name=\"your-name\" value=\"\" size=\"40\" class=\"wpcf7-form-control wpcf7-text wpcf7-validates-as-required\" aria-required=\"true\" aria-invalid=\"false\" \/><\/span> <\/label>\n<\/div>\n<div class=\"wpb_column vc_column_container vc_col-12 vc_col-lg-6\" style=\"padding:15px; margin-bottom:10px !important; background:#f4f5f9;\">\n<label> <b>Your Email <spam style=\"color:red\">*<\/spam><\/b>  <span class=\"wpcf7-form-control-wrap your-email\"><input type=\"email\" name=\"your-email\" value=\"\" size=\"40\" class=\"wpcf7-form-control wpcf7-text wpcf7-email wpcf7-validates-as-required wpcf7-validates-as-email\" aria-required=\"true\" aria-invalid=\"false\" \/><\/span> <\/label>\n<\/div>\n<div class=\"wpb_column vc_column_container vc_col-12 vc_col-lg-12\" style=\"padding:15px; margin-bottom:10px !important; background:#f4f5f9;\">\n<label> <b>Country and city <spam style=\"color:red\">*<\/spam><\/b>  <span class=\"wpcf7-form-control-wrap your-country\"><input type=\"text\" name=\"your-country\" value=\"\" size=\"40\" class=\"wpcf7-form-control wpcf7-text wpcf7-validates-as-required\" aria-required=\"true\" aria-invalid=\"false\" \/><\/span> <\/label>\n<\/div>\n<div class=\"wpb_column vc_column_container vc_col-12 vc_col-lg-12\" style=\"padding:15px; margin-bottom:10px; background:#f4f5f9; border-right:1px solid #d3d3d3;\">\n<b>Which therapist <spam style=\"color:red\">*<\/spam><\/b><br \/>\n<span class=\"wpcf7-form-control-wrap your-therapist\"><span class=\"wpcf7-form-control wpcf7-radio\"><span class=\"wpcf7-list-item first\"><span class=\"wpcf7-list-item-label\">ANA GUTI\u00c9RREZ<\/span><input type=\"radio\" name=\"your-therapist\" value=\"ANA GUTI\u00c9RREZ\" \/><\/span><span class=\"wpcf7-list-item\"><span class=\"wpcf7-list-item-label\">ANNA POOLEY<\/span><input type=\"radio\" name=\"your-therapist\" value=\"ANNA POOLEY\" \/><\/span><span class=\"wpcf7-list-item last\"><span class=\"wpcf7-list-item-label\">ORNELLA CASTAGNETTA<\/span><input type=\"radio\" name=\"your-therapist\" value=\"ORNELLA CASTAGNETTA\" \/><\/span><\/span><\/span>\n<\/div>\n<div class=\"wpb_column vc_column_container vc_col-12 vc_col-lg-12\" style=\"padding:15px; margin-bottom:10px !important; background:#f4f5f9;\">\n<label> <b>Availability <spam style=\"color:red\">*<\/spam><\/b>  <span class=\"wpcf7-form-control-wrap your-aval\"><input type=\"text\" name=\"your-aval\" value=\"\" size=\"40\" class=\"wpcf7-form-control wpcf7-text wpcf7-validates-as-required\" aria-required=\"true\" aria-invalid=\"false\" \/><\/span> <\/label>\n<\/div>\n<div class=\"wpb_column vc_column_container vc_col-sm-12\" style=\"margin-top:20px; margin-bottom:10px;\">\n<spam style=\"color:red\">*<\/spam> Required fields\n<\/div>\n<div class=\"wpb_column vc_column_container vc_col-sm-12\" style=\"margin-top:10px; margin-bottom:30px;\">\n<span class=\"wpcf7-form-control-wrap acceptance-287\"><span class=\"wpcf7-form-control wpcf7-acceptance\"><span class=\"wpcf7-list-item\"><input type=\"checkbox\" name=\"acceptance-287\" value=\"1\" aria-invalid=\"false\" \/><\/span><\/span><\/span> I have read, understood and accept the <a href=\"https:\/\/peacehdforphd.com\/en\/legal\" target=\"_blank\">Privacy Policy<\/a>.\n<\/div>\n<div class=\"wpb_column vc_column_container vc_col-12\" style=\"margin-top:10px;\">\n<input type=\"submit\" value=\"Send\" class=\"wpcf7-form-control wpcf7-submit\" \/>\n<\/div>\n<input type='hidden' class='wpcf7-pum' value='{\"closepopup\":false,\"closedelay\":0,\"openpopup\":false,\"openpopup_id\":0}' \/><div class=\"wpcf7-response-output\" aria-hidden=\"true\"><\/div><\/form><\/div>[\/qode_elements_holder_item][\/qode_elements_holder][\/vc_column_inner][\/vc_row_inner][\/vc_column][\/vc_row]<\/p>","protected":false},"excerpt":{"rendered":"<p>[vc_row css_animation=&#8221;&#8221; row_type=&#8221;row&#8221; use_row_as_full_screen_section=&#8221;no&#8221; type=&#8221;grid&#8221; angled_section=&#8221;no&#8221; text_align=&#8221;left&#8221; background_image_as_pattern=&#8221;without_pattern&#8221; z_index=&#8221;&#8221; css=&#8221;.vc_custom_1606763641346{padding-top: 15% !important;padding-bottom: 2% !important;}&#8221;][vc_column][vc_column_text] Terapia individual [\/vc_column_text][vc_empty_space height=&#8221;15px&#8221;][vc_column_text] Si necesitas un proceso m\u00e1s largo y profundo en el que tambi\u00e9n puedes tratas problemas distintos al doctorado, puedes optar por terapia individual. [\/vc_column_text][\/vc_column][\/vc_row][vc_row css_animation=&#8221;&#8221; row_type=&#8221;row&#8221; use_row_as_full_screen_section=&#8221;no&#8221;&#8230;<\/p>\n","protected":false},"author":1,"featured_media":0,"parent":1391,"menu_order":0,"comment_status":"closed","ping_status":"closed","template":"full_width.php","meta":[],"yoast_head":"<!-- This site is optimized with the Yoast SEO plugin v15.8 - https:\/\/yoast.com\/wordpress\/plugins\/seo\/ -->\n<title>Terapia individual - Peacehd<\/title>\n<meta name=\"robots\" content=\"index, follow, max-snippet:-1, max-image-preview:large, max-video-preview:-1\" \/>\n<link rel=\"canonical\" href=\"https:\/\/peacehdforphd.com\/es\/support-from-professionals\/individual-therapy\/\" \/>\n<meta property=\"og:locale\" content=\"es_ES\" \/>\n<meta property=\"og:type\" content=\"article\" \/>\n<meta property=\"og:title\" content=\"Terapia individual - Peacehd\" \/>\n<meta property=\"og:description\" content=\"[vc_row css_animation=&#8221;&#8221; row_type=&#8221;row&#8221; use_row_as_full_screen_section=&#8221;no&#8221; type=&#8221;grid&#8221; angled_section=&#8221;no&#8221; text_align=&#8221;left&#8221; background_image_as_pattern=&#8221;without_pattern&#8221; z_index=&#8221;&#8221; css=&#8221;.vc_custom_1606763641346{padding-top: 15% !important;padding-bottom: 2% !important;}&#8221;][vc_column][vc_column_text] Terapia individual [\/vc_column_text][vc_empty_space height=&#8221;15px&#8221;][vc_column_text] Si necesitas un proceso m\u00e1s largo y profundo en el que tambi\u00e9n puedes tratas problemas distintos al doctorado, puedes optar por terapia individual. [\/vc_column_text][\/vc_column][\/vc_row][vc_row css_animation=&#8221;&#8221; row_type=&#8221;row&#8221; use_row_as_full_screen_section=&#8221;no&#8221;...\" \/>\n<meta property=\"og:url\" content=\"https:\/\/peacehdforphd.com\/es\/support-from-professionals\/individual-therapy\/\" \/>\n<meta property=\"og:site_name\" content=\"Peacehd\" \/>\n<meta property=\"article:modified_time\" content=\"2020-12-01T21:22:02+00:00\" \/>\n<meta name=\"twitter:card\" content=\"summary_large_image\" \/>\n<meta name=\"twitter:label1\" content=\"Tiempo de lectura\">\n\t<meta name=\"twitter:data1\" content=\"8 minutos\">\n<script type=\"application\/ld+json\" class=\"yoast-schema-graph\">{\"@context\":\"https:\/\/schema.org\",\"@graph\":[{\"@type\":\"Organization\",\"@id\":\"https:\/\/peacehdforphd.com\/en\/#organization\",\"name\":\"PeacehD for PhD\",\"url\":\"https:\/\/peacehdforphd.com\/en\/\",\"sameAs\":[],\"logo\":{\"@type\":\"ImageObject\",\"@id\":\"https:\/\/peacehdforphd.com\/en\/#logo\",\"inLanguage\":\"es\",\"url\":\"https:\/\/peacehdforphd.com\/wp-content\/uploads\/2020\/11\/PeacehD_logo2.png\",\"width\":371,\"height\":60,\"caption\":\"PeacehD for PhD\"},\"image\":{\"@id\":\"https:\/\/peacehdforphd.com\/en\/#logo\"}},{\"@type\":\"WebSite\",\"@id\":\"https:\/\/peacehdforphd.com\/en\/#website\",\"url\":\"https:\/\/peacehdforphd.com\/en\/\",\"name\":\"Peacehd\",\"description\":\"Do your PhD in peace\",\"publisher\":{\"@id\":\"https:\/\/peacehdforphd.com\/en\/#organization\"},\"potentialAction\":[{\"@type\":\"SearchAction\",\"target\":\"https:\/\/peacehdforphd.com\/en\/?s={search_term_string}\",\"query-input\":\"required name=search_term_string\"}],\"inLanguage\":\"es\"},{\"@type\":\"WebPage\",\"@id\":\"https:\/\/peacehdforphd.com\/es\/support-from-professionals\/individual-therapy\/#webpage\",\"url\":\"https:\/\/peacehdforphd.com\/es\/support-from-professionals\/individual-therapy\/\",\"name\":\"Terapia individual - Peacehd\",\"isPartOf\":{\"@id\":\"https:\/\/peacehdforphd.com\/en\/#website\"},\"datePublished\":\"2020-10-31T16:06:57+00:00\",\"dateModified\":\"2020-12-01T21:22:02+00:00\",\"breadcrumb\":{\"@id\":\"https:\/\/peacehdforphd.com\/es\/support-from-professionals\/individual-therapy\/#breadcrumb\"},\"inLanguage\":\"es\",\"potentialAction\":[{\"@type\":\"ReadAction\",\"target\":[\"https:\/\/peacehdforphd.com\/es\/support-from-professionals\/individual-therapy\/\"]}]},{\"@type\":\"BreadcrumbList\",\"@id\":\"https:\/\/peacehdforphd.com\/es\/support-from-professionals\/individual-therapy\/#breadcrumb\",\"itemListElement\":[{\"@type\":\"ListItem\",\"position\":1,\"item\":{\"@type\":\"WebPage\",\"@id\":\"https:\/\/peacehdforphd.com\/es\/home\/\",\"url\":\"https:\/\/peacehdforphd.com\/es\/home\/\",\"name\":\"Home\"}},{\"@type\":\"ListItem\",\"position\":2,\"item\":{\"@type\":\"WebPage\",\"@id\":\"https:\/\/peacehdforphd.com\/es\/support-from-professionals\/\",\"url\":\"https:\/\/peacehdforphd.com\/es\/support-from-professionals\/\",\"name\":\"Apoyo profesional\"}},{\"@type\":\"ListItem\",\"position\":3,\"item\":{\"@type\":\"WebPage\",\"@id\":\"https:\/\/peacehdforphd.com\/es\/support-from-professionals\/individual-therapy\/\",\"url\":\"https:\/\/peacehdforphd.com\/es\/support-from-professionals\/individual-therapy\/\",\"name\":\"Terapia individual\"}}]}]}<\/script>\n<!-- \/ Yoast SEO plugin. -->","_links":{"self":[{"href":"https:\/\/peacehdforphd.com\/es\/wp-json\/wp\/v2\/pages\/1402"}],"collection":[{"href":"https:\/\/peacehdforphd.com\/es\/wp-json\/wp\/v2\/pages"}],"about":[{"href":"https:\/\/peacehdforphd.com\/es\/wp-json\/wp\/v2\/types\/page"}],"author":[{"embeddable":true,"href":"https:\/\/peacehdforphd.com\/es\/wp-json\/wp\/v2\/users\/1"}],"replies":[{"embeddable":true,"href":"https:\/\/peacehdforphd.com\/es\/wp-json\/wp\/v2\/comments?post=1402"}],"version-history":[{"count":10,"href":"https:\/\/peacehdforphd.com\/es\/wp-json\/wp\/v2\/pages\/1402\/revisions"}],"predecessor-version":[{"id":1406,"href":"https:\/\/peacehdforphd.com\/es\/wp-json\/wp\/v2\/pages\/1402\/revisions\/1406"}],"up":[{"embeddable":true,"href":"https:\/\/peacehdforphd.com\/es\/wp-json\/wp\/v2\/pages\/1391"}],"wp:attachment":[{"href":"https:\/\/peacehdforphd.com\/es\/wp-json\/wp\/v2\/media?parent=1402"}],"curies":[{"name":"wp","href":"https:\/\/api.w.org\/{rel}","templated":true}]}}