{"id":1396,"date":"2020-10-31T16:06:41","date_gmt":"2020-10-31T16:06:41","guid":{"rendered":"https:\/\/peacehdforphd.com\/support-from-professionals\/individual-and-team-coaching\/"},"modified":"2020-12-01T08:16:30","modified_gmt":"2020-12-01T08:16:30","slug":"individual-and-team-coaching","status":"publish","type":"page","link":"https:\/\/peacehdforphd.com\/es\/support-from-professionals\/individual-and-team-coaching\/","title":{"rendered":"Coaching individual y en grupo"},"content":{"rendered":"<p>[vc_row css_animation=&#8221;&#8221; row_type=&#8221;row&#8221; use_row_as_full_screen_section=&#8221;no&#8221; type=&#8221;grid&#8221; angled_section=&#8221;no&#8221; text_align=&#8221;left&#8221; background_image_as_pattern=&#8221;without_pattern&#8221; z_index=&#8221;&#8221; css=&#8221;.vc_custom_1606599790852{padding-top: 15% !important;padding-bottom: 2% !important;}&#8221;][vc_column][vc_column_text]<\/p>\n<h3>Coaching individual y en grupo<\/h3>\n<p>[\/vc_column_text][vc_empty_space height=&#8221;15px&#8221;][vc_column_text]<\/p>\n<p dir=\"ltr\">La ventaja del coaching es que puede ayudarte a mejorar tu capacidad de manejar situaciones de estr\u00e9s relacionadas con el doctorado en muy poco tiempo.<\/p>\n<p><!-- \/wp:paragraph -->[\/vc_column_text][\/vc_column][\/vc_row][vc_row css_animation=&#8221;&#8221; row_type=&#8221;row&#8221; use_row_as_full_screen_section=&#8221;no&#8221; type=&#8221;full_width&#8221; angled_section=&#8221;no&#8221; text_align=&#8221;left&#8221; background_image_as_pattern=&#8221;without_pattern&#8221;][vc_column][qode_elements_holder number_of_columns=&#8221;four_columns&#8221;][qode_elements_holder_item advanced_animations=&#8221;no&#8221; item_padding=&#8221;5%&#8221; background_color=&#8221;#daf1ef&#8221;][vc_column_text]<\/p>\n<h6 dir=\"ltr\" style=\"text-align: right;\">COACHING INDIVIDUAL<\/h6>\n<p>[\/vc_column_text][vc_empty_space height=&#8221;5px&#8221;][vc_column_text]<\/p>\n<p dir=\"ltr\" style=\"text-align: right;\">N\u00famero de sesiones: 6<\/p>\n<p>[\/vc_column_text][\/qode_elements_holder_item][qode_elements_holder_item vertical_alignment=&#8221;top&#8221; advanced_animations=&#8221;no&#8221; item_padding=&#8221;8%&#8221; background_color=&#8221;#f4f5f9&#8243;][vc_column_text]<\/p>\n<p dir=\"ltr\"><strong>Primera sesi\u00f3n (+-4h): Establecer los objetivos del proceso de coaching<\/strong><\/p>\n<p>[\/vc_column_text][vc_empty_space height=&#8221;5px&#8221;][vc_column_text]<\/p>\n<p dir=\"ltr\">Ejemplo: No tengo confianza en mi art\u00edculo, as\u00ed que, cuando presento en p\u00fablico, doy la impresi\u00f3n de estar aterrorizado\/a, cosa que la gente percibe y me se\u00f1ala. Quiero mejorar la confianza en m\u00ed mismo\/a de cara a mis presentaciones.<\/p>\n<p>[\/vc_column_text][\/qode_elements_holder_item][qode_elements_holder_item vertical_alignment=&#8221;top&#8221; advanced_animations=&#8221;no&#8221; item_padding=&#8221;8%&#8221; background_color=&#8221;#eaebef&#8221;][vc_column_text]<\/p>\n<p dir=\"ltr\"><strong>Resto de sesiones (2h)<\/strong><\/p>\n<p>[\/vc_column_text][vc_empty_space height=&#8221;5px&#8221;][vc_column_text]<\/p>\n<p dir=\"ltr\">El coach te gu\u00eda durante tu proceso para que consigas cualquier cosa que te propongas, trabajando en las virtudes y fortalezas que posees y pueden ayudarte a hacerlo.<\/p>\n<p>[\/vc_column_text][\/qode_elements_holder_item][qode_elements_holder_item vertical_alignment=&#8221;top&#8221; advanced_animations=&#8221;no&#8221; item_padding=&#8221;8%&#8221; background_color=&#8221;#d9dadd&#8221;][vc_column_text]<\/p>\n<p dir=\"ltr\"><strong>Si lo necesitas, puedes tener otras cuatro sesiones extra, y tener una sesi\u00f3n de seguimiento 10 meses despu\u00e9s de acabar tu programa.<\/strong><\/p>\n<p>[\/vc_column_text][\/qode_elements_holder_item][\/qode_elements_holder][\/vc_column][\/vc_row][vc_row css_animation=&#8221;&#8221; row_type=&#8221;row&#8221; use_row_as_full_screen_section=&#8221;no&#8221; type=&#8221;full_width&#8221; angled_section=&#8221;no&#8221; text_align=&#8221;left&#8221; background_image_as_pattern=&#8221;without_pattern&#8221; css=&#8221;.vc_custom_1606559947282{margin-top: 1% !important;}&#8221; z_index=&#8221;&#8221;][vc_column][qode_elements_holder number_of_columns=&#8221;four_columns&#8221;][qode_elements_holder_item advanced_animations=&#8221;no&#8221; item_padding=&#8221;5%&#8221; background_color=&#8221;#daf1ef&#8221;][vc_column_text]<\/p>\n<h6 dir=\"ltr\" style=\"text-align: right;\">TEAM COACHING<\/h6>\n<p>[\/vc_column_text][vc_empty_space height=&#8221;5px&#8221;][vc_column_text]<\/p>\n<p dir=\"ltr\" style=\"text-align: right;\">N\u00famero de sesiones: 7<\/p>\n<p>[\/vc_column_text][\/qode_elements_holder_item][qode_elements_holder_item vertical_alignment=&#8221;top&#8221; advanced_animations=&#8221;no&#8221; item_padding=&#8221;8%&#8221; background_color=&#8221;#f4f5f9&#8243;][vc_column_text]<\/p>\n<p dir=\"ltr\"><strong>Primera sesi\u00f3n (+-4h): Establecer los objetivos del proceso de coaching<br \/>\n<\/strong><\/p>\n<p>[\/vc_column_text][vc_empty_space height=&#8221;5px&#8221;][vc_column_text]<\/p>\n<p dir=\"ltr\">Cada miembro del grupo tendr\u00e1 los suyos propios.<\/p>\n<p dir=\"ltr\">Ejemplo: No puedo tomar decisiones, as\u00ed que nunca s\u00e9 en qu\u00e9 proyectos trabajar. Siempre espero a que sean los dem\u00e1s los que tomen las decisiones. Objetivo: aprender a tener liderazgo para mejorar mi capacidad de decisi\u00f3n.<\/p>\n<p>[\/vc_column_text][\/qode_elements_holder_item][qode_elements_holder_item vertical_alignment=&#8221;top&#8221; advanced_animations=&#8221;no&#8221; item_padding=&#8221;8%&#8221; background_color=&#8221;#eaebef&#8221;][vc_column_text]<\/p>\n<p dir=\"ltr\"><strong>Resto de sesiones (4h)<br \/>\n<\/strong><\/p>\n<p>[\/vc_column_text][vc_empty_space height=&#8221;5px&#8221;][vc_column_text]<\/p>\n<p dir=\"ltr\">El grupo charla y debate sobre distintas experiencias en las que ten\u00e9is que poner en pr\u00e1ctica diferentes habilidades para alcanzar vuestros objetivos. El coach modera la charla y se\u00f1ala qu\u00e9 herramientas deben usarse en cada momento.<\/p>\n<p>[\/vc_column_text][\/qode_elements_holder_item][qode_elements_holder_item vertical_alignment=&#8221;top&#8221; advanced_animations=&#8221;no&#8221; item_padding=&#8221;8%&#8221; background_color=&#8221;#d9dadd&#8221;][vc_column_text]<\/p>\n<p dir=\"ltr\">Las sesiones tienen lugar cada 20-25 d\u00edas, con el objetivo de que todos teng\u00e1is tiempo de poner en pr\u00e1ctica lo aprendido y luchar por los objetivos establecidos en la primera sesi\u00f3n, as\u00ed como para desarrollar la autoconciencia entorno a vuestras fortalezas y debilidades y, as\u00ed, alcanzar dichos objetivos.<\/p>\n<p dir=\"ltr\"><strong>\u00a1Lo interesante de los grupos es que, como todo el mundo acaba enfrentando sus problemas individuales de manera conjunta, se crean din\u00e1micas incre\u00edbles!<\/strong><\/p>\n<p>[\/vc_column_text][\/qode_elements_holder_item][\/qode_elements_holder][\/vc_column][\/vc_row][vc_row css_animation=&#8221;&#8221; row_type=&#8221;row&#8221; use_row_as_full_screen_section=&#8221;no&#8221; type=&#8221;full_width&#8221; angled_section=&#8221;no&#8221; text_align=&#8221;left&#8221; background_image_as_pattern=&#8221;without_pattern&#8221; css=&#8221;.vc_custom_1606761193910{margin-top: 20px !important;}&#8221; z_index=&#8221;&#8221;][vc_column][qode_elements_holder number_of_columns=&#8221;four_columns&#8221;][qode_elements_holder_item cover=&#8221;yes&#8221; vertical_alignment=&#8221;bottom&#8221; advanced_animations=&#8221;no&#8221; item_padding=&#8221;5%&#8221; background_image=&#8221;1310&#8243; custom_class=&#8221;col_foto&#8221;][vc_column_text]<\/p>\n<h6 dir=\"ltr\" style=\"text-align: right;\">Corrado<\/h6>\n<p>[\/vc_column_text][vc_empty_space height=&#8221;5px&#8221;][vc_column_text]<\/p>\n<p dir=\"ltr\" style=\"text-align: right;\">Coach Profesional<\/p>\n<p>[\/vc_column_text][\/qode_elements_holder_item][qode_elements_holder_item vertical_alignment=&#8221;top&#8221; advanced_animations=&#8221;no&#8221; item_padding=&#8221;8%&#8221; background_color=&#8221;#f4f5f9&#8243;][vc_column_text]<\/p>\n<p dir=\"ltr\"><strong>Sobre m\u00ed:<\/strong><\/p>\n<p>[\/vc_column_text][vc_empty_space height=&#8221;5px&#8221;][vc_column_text]<\/p>\n<p dir=\"ltr\">Hola, soy Corrado, soy italiano y vivo en Mil\u00e1n. Soy psic\u00f3logo, coach y profesor de universidad en la Universidad Polit\u00e9cnica de Mil\u00e1n.<\/p>\n<p>[\/vc_column_text][\/qode_elements_holder_item][qode_elements_holder_item vertical_alignment=&#8221;top&#8221; advanced_animations=&#8221;no&#8221; item_padding=&#8221;8%&#8221; background_color=&#8221;#eaebef&#8221;][vc_column_text]<\/p>\n<p dir=\"ltr\"><strong>Mi faceta como coach:<\/strong><\/p>\n<p>[\/vc_column_text][vc_empty_space height=&#8221;5px&#8221;][vc_column_text]<\/p>\n<p dir=\"ltr\">Tras estudiar psicolog\u00eda y hacer un m\u00e1ster en neurociencia, empec\u00e9 a trabajar desde la perspectiva de la psicolog\u00eda positiva, la rama de esta disciplina que trata de desarrollar las capacidades de cada individuo. Concretamente, me especialic\u00e9 en coaching, training, desarrollo personal y de las habilidades blandas; tanto en el trabajo como en la universidad.<\/p>\n<p>[\/vc_column_text][\/qode_elements_holder_item][qode_elements_holder_item vertical_alignment=&#8221;top&#8221; advanced_animations=&#8221;no&#8221; item_padding=&#8221;8%&#8221; background_color=&#8221;#d9dadd&#8221;][vc_column_text]<\/p>\n<p dir=\"ltr\"><strong>Mi relaci\u00f3n con el mundo del doctorado:<\/strong><\/p>\n<p>[\/vc_column_text][vc_empty_space height=&#8221;5px&#8221;][vc_column_text]<\/p>\n<p dir=\"ltr\">He impartido cursos en habilidades no t\u00e9cnicas a estudiantes de doctorado de la Universidad Polit\u00e9cnica de Mil\u00e1n. Gracias a ello, he podido comprobar que las herramientas proporcionadas por el coaching mejoran la confianza de los estudiantes en relaci\u00f3n a los desaf\u00edos propios del doctorado.<\/p>\n<p>[\/vc_column_text][\/qode_elements_holder_item][\/qode_elements_holder][vc_row_inner row_type=&#8221;row&#8221; type=&#8221;full_width&#8221; text_align=&#8221;left&#8221; css_animation=&#8221;&#8221;][vc_column_inner][qode_elements_holder number_of_columns=&#8221;two_columns&#8221; columns_proportion=&#8221;25_75&#8243;][qode_elements_holder_item vertical_alignment=&#8221;top&#8221; advanced_animations=&#8221;no&#8221; background_color=&#8221;#daf1ef&#8221; item_padding=&#8221;20% 10%&#8221;][vc_column_text]<\/p>\n<p dir=\"ltr\"><strong>Si quieres reservar un programa de coaching, <\/strong>completa el formulario a la derecha.<\/p>\n<p>[\/vc_column_text][vc_empty_space height=&#8221;5px&#8221;][vc_column_text]<\/p>\n<p dir=\"ltr\"><strong>Si prefieres la opci\u00f3n individual,<\/strong> te enviaremos una confirmaci\u00f3n para que puedas reservar tu sesi\u00f3n<\/p>\n<p>[\/vc_column_text][vc_empty_space height=&#8221;5px&#8221;][vc_column_text]<\/p>\n<p dir=\"ltr\"><strong>Si te decantas por la opci\u00f3n grupal<\/strong>, te avisaremos en cuanto cerremos un grupo.<\/p>\n<p>[\/vc_column_text][vc_empty_space][vc_column_text]<\/p>\n<p dir=\"ltr\"><strong>Precios (Individual):<\/strong> 1260 euros\/ programa de coaching (90 euros\/ hora)<\/p>\n<p>[\/vc_column_text][vc_empty_space height=&#8221;5px&#8221;][vc_column_text]<\/p>\n<p dir=\"ltr\"><strong>Precios (Grupal):<\/strong> 1050 euros\/ programa de coaching (37.50 euros\/hora)<\/p>\n<p>[\/vc_column_text][\/qode_elements_holder_item][qode_elements_holder_item vertical_alignment=&#8221;top&#8221; advanced_animations=&#8221;no&#8221; item_padding=&#8221;5% 10%&#8221;]<div role=\"form\" class=\"wpcf7\" id=\"wpcf7-f1430-o1\" lang=\"es-ES\" dir=\"ltr\">\n<div class=\"screen-reader-response\"><p role=\"status\" aria-live=\"polite\" aria-atomic=\"true\"><\/p> <ul><\/ul><\/div>\n<form action=\"\/es\/wp-json\/wp\/v2\/pages\/1396#wpcf7-f1430-o1\" method=\"post\" class=\"wpcf7-form init cf7_custom_style_1\" novalidate=\"novalidate\" data-status=\"init\">\n<div style=\"display: none;\">\n<input type=\"hidden\" name=\"_wpcf7\" value=\"1430\" \/>\n<input type=\"hidden\" name=\"_wpcf7_version\" value=\"5.3.2\" \/>\n<input type=\"hidden\" name=\"_wpcf7_locale\" value=\"es_ES\" \/>\n<input type=\"hidden\" name=\"_wpcf7_unit_tag\" value=\"wpcf7-f1430-o1\" \/>\n<input type=\"hidden\" name=\"_wpcf7_container_post\" value=\"0\" \/>\n<input type=\"hidden\" name=\"_wpcf7_posted_data_hash\" value=\"\" \/>\n<input type=\"hidden\" name=\"_wpcf7_recaptcha_response\" value=\"\" \/>\n<\/div>\n<div class=\"wpb_column vc_column_container vc_col-12 vc_col-lg-6\" style=\"padding:15px; margin-bottom:10px !important; background:#f4f5f9; border-right:1px solid #d3d3d3;\">\n<label> <b>Nombre y Apellidos <spam style=\"color:red\">*<\/spam><\/b> <span class=\"wpcf7-form-control-wrap your-name\"><input type=\"text\" name=\"your-name\" value=\"\" size=\"40\" class=\"wpcf7-form-control wpcf7-text wpcf7-validates-as-required\" aria-required=\"true\" aria-invalid=\"false\" \/><\/span> <\/label>\n<\/div>\n<div class=\"wpb_column vc_column_container vc_col-12 vc_col-lg-6\" style=\"padding:15px; margin-bottom:10px !important; background:#f4f5f9;\">\n<label> <b>Email <spam style=\"color:red\">*<\/spam><\/b>  <span class=\"wpcf7-form-control-wrap your-email\"><input type=\"email\" name=\"your-email\" value=\"\" size=\"40\" class=\"wpcf7-form-control wpcf7-text wpcf7-email wpcf7-validates-as-required wpcf7-validates-as-email\" aria-required=\"true\" aria-invalid=\"false\" \/><\/span> <\/label>\n<\/div>\n<div class=\"wpb_column vc_column_container vc_col-12 vc_col-lg-12\" style=\"padding:15px; margin-bottom:10px !important; background:#f4f5f9;\">\n<label> <b>Pa\u00eds y ciudad <spam style=\"color:red\">*<\/spam><\/b>  <span class=\"wpcf7-form-control-wrap your-country\"><input type=\"text\" name=\"your-country\" value=\"\" size=\"40\" class=\"wpcf7-form-control wpcf7-text wpcf7-validates-as-required\" aria-required=\"true\" aria-invalid=\"false\" \/><\/span> <\/label>\n<\/div>\n<div class=\"wpb_column vc_column_container vc_col-12 vc_col-lg-12\" style=\"padding:15px; margin-bottom:10px; background:#f4f5f9; border-right:1px solid #d3d3d3;\">\n<b>Coaching individual O de grupo <spam style=\"color:red\">*<\/spam><\/b><br \/>\n<span class=\"wpcf7-form-control-wrap your-type\"><span class=\"wpcf7-form-control wpcf7-radio\"><span class=\"wpcf7-list-item first\"><span class=\"wpcf7-list-item-label\">Individual<\/span><input type=\"radio\" name=\"your-type\" value=\"Individual\" \/><\/span><span class=\"wpcf7-list-item last\"><span class=\"wpcf7-list-item-label\">De grupo<\/span><input type=\"radio\" name=\"your-type\" value=\"De grupo\" \/><\/span><\/span><\/span>\n<\/div>\n<div class=\"wpb_column vc_column_container vc_col-12 vc_col-lg-12\" style=\"padding:15px; margin-bottom:10px !important; background:#f4f5f9;\">\n<label> <b>Idioma <spam style=\"color:red\">*<\/spam><\/b>  <span class=\"wpcf7-form-control-wrap your-lang\"><input type=\"text\" name=\"your-lang\" value=\"\" size=\"40\" class=\"wpcf7-form-control wpcf7-text wpcf7-validates-as-required\" aria-required=\"true\" aria-invalid=\"false\" \/><\/span> <\/label>\n<\/div>\n<div class=\"wpb_column vc_column_container vc_col-sm-12\" style=\"margin-top:20px; margin-bottom:10px;\">\n<spam style=\"color:red\">*<\/spam> Campos Obligatorios\n<\/div>\n<div class=\"wpb_column vc_column_container vc_col-sm-12\" style=\"margin-top:10px; margin-bottom:30px;\">\n<span class=\"wpcf7-form-control-wrap acceptance-287\"><span class=\"wpcf7-form-control wpcf7-acceptance\"><span class=\"wpcf7-list-item\"><input type=\"checkbox\" name=\"acceptance-287\" value=\"1\" aria-invalid=\"false\" \/><\/span><\/span><\/span> He le\u00eddo, entiendo y acepto la <a href=\"https:\/\/peacehdforphd.com\/en\/legal\" target=\"_blank\">Pol\u00edtica de Privacidad<\/a>.\n<\/div>\n<div class=\"wpb_column vc_column_container vc_col-12\" style=\"margin-top:10px;\">\n<input type=\"submit\" value=\"Enviar\" class=\"wpcf7-form-control wpcf7-submit\" \/>\n<\/div>\n<input type='hidden' class='wpcf7-pum' value='{\"closepopup\":false,\"closedelay\":0,\"openpopup\":false,\"openpopup_id\":0}' \/><div class=\"wpcf7-response-output\" aria-hidden=\"true\"><\/div><\/form><\/div>[\/qode_elements_holder_item][\/qode_elements_holder][\/vc_column_inner][\/vc_row_inner][\/vc_column][\/vc_row]<\/p>\n","protected":false},"excerpt":{"rendered":"<p>[vc_row css_animation=&#8221;&#8221; row_type=&#8221;row&#8221; use_row_as_full_screen_section=&#8221;no&#8221; type=&#8221;grid&#8221; angled_section=&#8221;no&#8221; text_align=&#8221;left&#8221; background_image_as_pattern=&#8221;without_pattern&#8221; z_index=&#8221;&#8221; css=&#8221;.vc_custom_1606599790852{padding-top: 15% !important;padding-bottom: 2% !important;}&#8221;][vc_column][vc_column_text] Coaching individual y en grupo [\/vc_column_text][vc_empty_space height=&#8221;15px&#8221;][vc_column_text] La ventaja del coaching es que puede ayudarte a mejorar tu capacidad de manejar situaciones de estr\u00e9s relacionadas con el doctorado en muy poco&#8230;<\/p>\n","protected":false},"author":1,"featured_media":0,"parent":1391,"menu_order":0,"comment_status":"closed","ping_status":"closed","template":"full_width.php","meta":[],"yoast_head":"<!-- This site is optimized with the Yoast SEO plugin v15.8 - https:\/\/yoast.com\/wordpress\/plugins\/seo\/ -->\n<title>Coaching individual y en grupo - Peacehd<\/title>\n<meta name=\"robots\" content=\"index, follow, max-snippet:-1, max-image-preview:large, max-video-preview:-1\" \/>\n<link rel=\"canonical\" href=\"https:\/\/peacehdforphd.com\/es\/support-from-professionals\/individual-and-team-coaching\/\" \/>\n<meta property=\"og:locale\" content=\"es_ES\" \/>\n<meta property=\"og:type\" content=\"article\" \/>\n<meta property=\"og:title\" content=\"Coaching individual y en grupo - Peacehd\" \/>\n<meta property=\"og:description\" content=\"[vc_row css_animation=&#8221;&#8221; row_type=&#8221;row&#8221; use_row_as_full_screen_section=&#8221;no&#8221; type=&#8221;grid&#8221; angled_section=&#8221;no&#8221; text_align=&#8221;left&#8221; background_image_as_pattern=&#8221;without_pattern&#8221; z_index=&#8221;&#8221; css=&#8221;.vc_custom_1606599790852{padding-top: 15% !important;padding-bottom: 2% !important;}&#8221;][vc_column][vc_column_text] Coaching individual y en grupo [\/vc_column_text][vc_empty_space height=&#8221;15px&#8221;][vc_column_text] La ventaja del coaching es que puede ayudarte a mejorar tu capacidad de manejar situaciones de estr\u00e9s relacionadas con el doctorado en muy poco...\" \/>\n<meta property=\"og:url\" content=\"https:\/\/peacehdforphd.com\/es\/support-from-professionals\/individual-and-team-coaching\/\" \/>\n<meta property=\"og:site_name\" content=\"Peacehd\" \/>\n<meta property=\"article:modified_time\" content=\"2020-12-01T08:16:30+00:00\" \/>\n<meta name=\"twitter:card\" content=\"summary_large_image\" \/>\n<meta name=\"twitter:label1\" content=\"Tiempo de lectura\">\n\t<meta name=\"twitter:data1\" content=\"7 minutos\">\n<script type=\"application\/ld+json\" class=\"yoast-schema-graph\">{\"@context\":\"https:\/\/schema.org\",\"@graph\":[{\"@type\":\"Organization\",\"@id\":\"https:\/\/peacehdforphd.com\/en\/#organization\",\"name\":\"PeacehD for PhD\",\"url\":\"https:\/\/peacehdforphd.com\/en\/\",\"sameAs\":[],\"logo\":{\"@type\":\"ImageObject\",\"@id\":\"https:\/\/peacehdforphd.com\/en\/#logo\",\"inLanguage\":\"es\",\"url\":\"https:\/\/peacehdforphd.com\/wp-content\/uploads\/2020\/11\/PeacehD_logo2.png\",\"width\":371,\"height\":60,\"caption\":\"PeacehD for PhD\"},\"image\":{\"@id\":\"https:\/\/peacehdforphd.com\/en\/#logo\"}},{\"@type\":\"WebSite\",\"@id\":\"https:\/\/peacehdforphd.com\/en\/#website\",\"url\":\"https:\/\/peacehdforphd.com\/en\/\",\"name\":\"Peacehd\",\"description\":\"Do your PhD in peace\",\"publisher\":{\"@id\":\"https:\/\/peacehdforphd.com\/en\/#organization\"},\"potentialAction\":[{\"@type\":\"SearchAction\",\"target\":\"https:\/\/peacehdforphd.com\/en\/?s={search_term_string}\",\"query-input\":\"required name=search_term_string\"}],\"inLanguage\":\"es\"},{\"@type\":\"WebPage\",\"@id\":\"https:\/\/peacehdforphd.com\/es\/support-from-professionals\/individual-and-team-coaching\/#webpage\",\"url\":\"https:\/\/peacehdforphd.com\/es\/support-from-professionals\/individual-and-team-coaching\/\",\"name\":\"Coaching individual y en grupo - Peacehd\",\"isPartOf\":{\"@id\":\"https:\/\/peacehdforphd.com\/en\/#website\"},\"datePublished\":\"2020-10-31T16:06:41+00:00\",\"dateModified\":\"2020-12-01T08:16:30+00:00\",\"breadcrumb\":{\"@id\":\"https:\/\/peacehdforphd.com\/es\/support-from-professionals\/individual-and-team-coaching\/#breadcrumb\"},\"inLanguage\":\"es\",\"potentialAction\":[{\"@type\":\"ReadAction\",\"target\":[\"https:\/\/peacehdforphd.com\/es\/support-from-professionals\/individual-and-team-coaching\/\"]}]},{\"@type\":\"BreadcrumbList\",\"@id\":\"https:\/\/peacehdforphd.com\/es\/support-from-professionals\/individual-and-team-coaching\/#breadcrumb\",\"itemListElement\":[{\"@type\":\"ListItem\",\"position\":1,\"item\":{\"@type\":\"WebPage\",\"@id\":\"https:\/\/peacehdforphd.com\/es\/home\/\",\"url\":\"https:\/\/peacehdforphd.com\/es\/home\/\",\"name\":\"Home\"}},{\"@type\":\"ListItem\",\"position\":2,\"item\":{\"@type\":\"WebPage\",\"@id\":\"https:\/\/peacehdforphd.com\/es\/support-from-professionals\/\",\"url\":\"https:\/\/peacehdforphd.com\/es\/support-from-professionals\/\",\"name\":\"Apoyo profesional\"}},{\"@type\":\"ListItem\",\"position\":3,\"item\":{\"@type\":\"WebPage\",\"@id\":\"https:\/\/peacehdforphd.com\/es\/support-from-professionals\/individual-and-team-coaching\/\",\"url\":\"https:\/\/peacehdforphd.com\/es\/support-from-professionals\/individual-and-team-coaching\/\",\"name\":\"Coaching individual y en grupo\"}}]}]}<\/script>\n<!-- \/ Yoast SEO plugin. -->","_links":{"self":[{"href":"https:\/\/peacehdforphd.com\/es\/wp-json\/wp\/v2\/pages\/1396"}],"collection":[{"href":"https:\/\/peacehdforphd.com\/es\/wp-json\/wp\/v2\/pages"}],"about":[{"href":"https:\/\/peacehdforphd.com\/es\/wp-json\/wp\/v2\/types\/page"}],"author":[{"embeddable":true,"href":"https:\/\/peacehdforphd.com\/es\/wp-json\/wp\/v2\/users\/1"}],"replies":[{"embeddable":true,"href":"https:\/\/peacehdforphd.com\/es\/wp-json\/wp\/v2\/comments?post=1396"}],"version-history":[{"count":5,"href":"https:\/\/peacehdforphd.com\/es\/wp-json\/wp\/v2\/pages\/1396\/revisions"}],"predecessor-version":[{"id":1401,"href":"https:\/\/peacehdforphd.com\/es\/wp-json\/wp\/v2\/pages\/1396\/revisions\/1401"}],"up":[{"embeddable":true,"href":"https:\/\/peacehdforphd.com\/es\/wp-json\/wp\/v2\/pages\/1391"}],"wp:attachment":[{"href":"https:\/\/peacehdforphd.com\/es\/wp-json\/wp\/v2\/media?parent=1396"}],"curies":[{"name":"wp","href":"https:\/\/api.w.org\/{rel}","templated":true}]}}