{"id":1379,"date":"2020-10-31T16:04:12","date_gmt":"2020-10-31T16:04:12","guid":{"rendered":"https:\/\/peacehdforphd.com\/the-phd-experience\/phd-support-groups\/"},"modified":"2020-12-01T07:12:50","modified_gmt":"2020-12-01T07:12:50","slug":"phd-support-groups","status":"publish","type":"page","link":"https:\/\/peacehdforphd.com\/es\/the-phd-experience\/phd-support-groups\/","title":{"rendered":"Grupos de apoyo"},"content":{"rendered":"<p>[vc_row css_animation=&#8221;&#8221; row_type=&#8221;row&#8221; use_row_as_full_screen_section=&#8221;no&#8221; type=&#8221;grid&#8221; angled_section=&#8221;no&#8221; text_align=&#8221;left&#8221; background_image_as_pattern=&#8221;without_pattern&#8221; css=&#8221;.vc_custom_1606598381918{padding-top: 240px !important;padding-bottom: 60px !important;}&#8221; z_index=&#8221;&#8221;][vc_column][vc_column_text]<\/p>\n<h3 dir=\"ltr\" style=\"text-align: left;\">Quiero unirme a un grupo de apoyo<\/h3>\n<p>[\/vc_column_text][vc_empty_space height=&#8221;10px&#8221;][vc_column_text]<\/p>\n<p dir=\"ltr\">Considero que algo que muchas veces falla es la falta de comunicaci\u00f3n entre estudiantes de doctorado que puedan compartir c\u00f3mo se sienten. Como ya he mencionado, una de las cosas que m\u00e1s me ayud\u00f3 a m\u00ed fue poder compartir mi proceso con gente cercana que me ayudase en los momentos dif\u00edciles.<\/p>\n<p>[\/vc_column_text][\/vc_column][\/vc_row][vc_row css_animation=&#8221;&#8221; row_type=&#8221;row&#8221; use_row_as_full_screen_section=&#8221;no&#8221; type=&#8221;grid&#8221; angled_section=&#8221;no&#8221; text_align=&#8221;center&#8221; background_image_as_pattern=&#8221;without_pattern&#8221; css=&#8221;.vc_custom_1606598845183{padding-top: 60px !important;padding-bottom: 80px !important;background-color: #daf1ef !important;}&#8221; z_index=&#8221;&#8221;][vc_column][vc_row_inner row_type=&#8221;row&#8221; type=&#8221;full_width&#8221; text_align=&#8221;left&#8221; css_animation=&#8221;&#8221; css=&#8221;.vc_custom_1604226513155{padding-top: 50px !important;padding-right: 50px !important;padding-bottom: 50px !important;padding-left: 50px !important;background-color: #ffffff !important;border-radius: 5px !important;}&#8221; el_class=&#8221;box_shadow&#8221;][vc_column_inner width=&#8221;1\/3&#8243; css=&#8221;.vc_custom_1604226490802{padding-top: 20px !important;padding-right: 50px !important;padding-bottom: 20px !important;padding-left: 50px !important;}&#8221;][vc_column_text]<\/p>\n<h6 dir=\"ltr\">\u00bfC\u00f3mo funcionar\u00e1n los grupos de apoyo?<\/h6>\n<p>[\/vc_column_text][vc_empty_space height=&#8221;20px&#8221;][vc_column_text]<\/p>\n<p dir=\"ltr\">Si quieres unirte a un grupo de apoyo, por favor, rellena el formulario con tus datos y preferencias y, de acuerdo a ellos, te pondr\u00e9 en contacto con otros 5 u 7 estudiantes. Despu\u00e9s, nos reuniremos a trav\u00e9s de Zoom y&#8230; \u00a1empezaremos! Es probable que el hecho de compartir experiencias y miedos comunes te haga sentir m\u00e1s acompa\u00f1ado en tu proceso. Adem\u00e1s, saber qu\u00e9 hacen otros para afrontar sus problemas podr\u00eda inspirarte.<\/p>\n<p>[\/vc_column_text][\/vc_column_inner][vc_column_inner width=&#8221;1\/3&#8243; css=&#8221;.vc_custom_1606598864081{padding-top: 20px !important;padding-right: 50px !important;padding-bottom: 90px !important;padding-left: 50px !important;background-color: #daf1ef !important;}&#8221;][vc_column_text]<\/p>\n<h6 dir=\"ltr\">\u00bfY si mis problemas no tienen relaci\u00f3n con el doctorado, sino con otras cosas?<\/h6>\n<p>[\/vc_column_text][vc_empty_space height=&#8221;20px&#8221;][vc_column_text]<\/p>\n<p dir=\"ltr\">Si la raz\u00f3n por la que est\u00e1s pas\u00e1ndolo mal no est\u00e1 relacionada directamente con el doctorado, pero tiene un impacto negativo en \u00e9l, tambi\u00e9n puedes unirte a los grupos de apoyo. Un buen ejemplo son las relaciones sentimentales y su relaci\u00f3n con el doctorado, que puede ser de dos tipos: que los problemas en tu relaci\u00f3n te impidan concentrarte en tu doctorado, o que la manera en la que est\u00e1s llevando tu doctorado afecte a tu relaci\u00f3n.<\/p>\n<p>[\/vc_column_text][\/vc_column_inner][vc_column_inner width=&#8221;1\/3&#8243; css=&#8221;.vc_custom_1604226496877{padding-top: 20px !important;padding-right: 50px !important;padding-bottom: 20px !important;padding-left: 50px !important;}&#8221;][vc_column_text]<\/p>\n<h6 dir=\"ltr\">\u00bfSi no estoy haciendo un doctorado, puedo unirme a alguno de los grupos?<\/h6>\n<p>[\/vc_column_text][vc_empty_space height=&#8221;20px&#8221;][vc_column_text]<\/p>\n<p dir=\"ltr\">Si te est\u00e1 resultando complicado lidiar con alguno de los desaf\u00edos t\u00edpicos de un doctorado en alguna otra etapa avanzada de tu formaci\u00f3n, como puede ser una investigaci\u00f3n postdoctoral o la preparaci\u00f3n para obtener una c\u00e1tedra de profesorado o, simplemente, te apetece conectarte con estudiantes de doctorado de forma regular para apoyarles, \u00a1eres m\u00e1s que bienvenido\/a a los grupos de apoyo!<\/p>\n<p>[\/vc_column_text][\/vc_column_inner][\/vc_row_inner][\/vc_column][\/vc_row][vc_row css_animation=&#8221;&#8221; row_type=&#8221;row&#8221; use_row_as_full_screen_section=&#8221;no&#8221; type=&#8221;grid&#8221; angled_section=&#8221;no&#8221; text_align=&#8221;center&#8221; background_image_as_pattern=&#8221;without_pattern&#8221; css=&#8221;.vc_custom_1604864380816{padding-top: 60px !important;padding-bottom: 80px !important;}&#8221; z_index=&#8221;&#8221;][vc_column][vc_row_inner row_type=&#8221;row&#8221; type=&#8221;full_width&#8221; text_align=&#8221;left&#8221; css_animation=&#8221;&#8221; css=&#8221;.vc_custom_1604865775195{padding-top: 50px !important;padding-right: 50px !important;padding-bottom: 40px !important;padding-left: 50px !important;background-color: #ffffff !important;border-radius: 5px !important;}&#8221;][vc_column_inner width=&#8221;1\/4&#8243;][\/vc_column_inner][vc_column_inner width=&#8221;1\/2&#8243;][vc_column_text]<\/p>\n<p style=\"text-align: center;\">Cu\u00e9ntame por lo que est\u00e1s pasando, en qu\u00e9 idioma te gustar\u00eda comunicarte y si quieres hablar con gente que est\u00e1 haciendo doctorados en \u00e1reas distintas a la tuya.<\/p>\n<p>[\/vc_column_text][vc_empty_space height=&#8221;10px&#8221;][vc_column_text]<\/p>\n<h4 style=\"text-align: center;\">\u00a1Te pondr\u00e9 en contacto con las personas adecuadas!<\/h4>\n<p>[\/vc_column_text][\/vc_column_inner][vc_column_inner width=&#8221;1\/4&#8243;][\/vc_column_inner][\/vc_row_inner][vc_row_inner row_type=&#8221;row&#8221; type=&#8221;full_width&#8221; text_align=&#8221;left&#8221; css_animation=&#8221;&#8221; css=&#8221;.vc_custom_1604866920705{padding-bottom: 50px !important;background-color: #ffffff !important;border-radius: 5px !important;}&#8221;][vc_column_inner]<div role=\"form\" class=\"wpcf7\" id=\"wpcf7-f1428-o1\" lang=\"es-ES\" dir=\"ltr\">\n<div class=\"screen-reader-response\"><p role=\"status\" aria-live=\"polite\" aria-atomic=\"true\"><\/p> <ul><\/ul><\/div>\n<form action=\"\/es\/wp-json\/wp\/v2\/pages\/1379#wpcf7-f1428-o1\" method=\"post\" class=\"wpcf7-form init cf7_custom_style_1\" novalidate=\"novalidate\" data-status=\"init\">\n<div style=\"display: none;\">\n<input type=\"hidden\" name=\"_wpcf7\" value=\"1428\" \/>\n<input type=\"hidden\" name=\"_wpcf7_version\" value=\"5.3.2\" \/>\n<input type=\"hidden\" name=\"_wpcf7_locale\" value=\"es_ES\" \/>\n<input type=\"hidden\" name=\"_wpcf7_unit_tag\" value=\"wpcf7-f1428-o1\" \/>\n<input type=\"hidden\" name=\"_wpcf7_container_post\" value=\"0\" \/>\n<input type=\"hidden\" name=\"_wpcf7_posted_data_hash\" value=\"\" \/>\n<input type=\"hidden\" name=\"_wpcf7_recaptcha_response\" value=\"\" \/>\n<\/div>\n<div class=\"wpb_column vc_column_container vc_col-12 vc_col-lg-6\" style=\"padding:15px; margin-bottom:10px !important; background:#f4f5f9; border-right:1px solid #d3d3d3;\">\n <b>Name and Surname <spam style=\"color:red\">*<\/spam><\/b> <span class=\"wpcf7-form-control-wrap your-name\"><input type=\"text\" name=\"your-name\" value=\"\" size=\"40\" class=\"wpcf7-form-control wpcf7-text wpcf7-validates-as-required\" aria-required=\"true\" aria-invalid=\"false\" \/><\/span>\n<\/div>\n<div class=\"wpb_column vc_column_container vc_col-12 vc_col-lg-6\" style=\"padding:15px; margin-bottom:10px !important; background:#f4f5f9;\">\n <b>Your Email <spam style=\"color:red\">*<\/spam><\/b>  <span class=\"wpcf7-form-control-wrap your-email\"><input type=\"email\" name=\"your-email\" value=\"\" size=\"40\" class=\"wpcf7-form-control wpcf7-text wpcf7-email wpcf7-validates-as-required wpcf7-validates-as-email\" aria-required=\"true\" aria-invalid=\"false\" \/><\/span>\n<\/div>\n<div class=\"wpb_column vc_column_container vc_col-12 vc_col-lg-12\" style=\"padding:15px; margin-bottom:10px; background:#f4f5f9; border-right:1px solid #d3d3d3;\">\n <b>Gender <spam style=\"color:red\">*<\/spam><\/b><br \/>\n<span class=\"wpcf7-form-control-wrap gender_radio\"><span class=\"wpcf7-form-control wpcf7-radio\"><span class=\"wpcf7-list-item first\"><span class=\"wpcf7-list-item-label\">Male<\/span><input type=\"radio\" name=\"gender_radio\" value=\"Male\" \/><\/span><span class=\"wpcf7-list-item\"><span class=\"wpcf7-list-item-label\">Female<\/span><input type=\"radio\" name=\"gender_radio\" value=\"Female\" \/><\/span><span class=\"wpcf7-list-item last\"><span class=\"wpcf7-list-item-label\">Prefer not to say<\/span><input type=\"radio\" name=\"gender_radio\" value=\"Prefer not to say\" \/><\/span><\/span><\/span><br \/>\n<span class=\"wpcf7-form-control-wrap gender_text\"><input type=\"text\" name=\"gender_text\" value=\"\" size=\"40\" class=\"wpcf7-form-control wpcf7-text\" aria-invalid=\"false\" placeholder=\"Other\" \/><\/span>\n<\/div>\n<div class=\"wpb_column vc_column_container vc_col-12 vc_col-lg-12\" style=\" padding:15px; margin-bottom:10px; background:#f4f5f9;\">\n<b>Are you currently in a PhD program?  <spam style=\"color:red\">*<\/spam><\/b><br \/>\n<span class=\"wpcf7-form-control-wrap radio_current_phd\"><span class=\"wpcf7-form-control wpcf7-radio\"><span class=\"wpcf7-list-item first\"><span class=\"wpcf7-list-item-label\">Yes<\/span><input type=\"radio\" name=\"radio_current_phd\" value=\"Yes\" \/><\/span><span class=\"wpcf7-list-item last\"><span class=\"wpcf7-list-item-label\">No<\/span><input type=\"radio\" name=\"radio_current_phd\" value=\"No\" \/><\/span><\/span><\/span>\n<\/div>\n<div class=\"wpb_column vc_column_container vc_col-12 vc_col-lg-12\" style=\" padding:15px; margin-bottom:10px; background:#f4f5f9;\">\n<b>Which year of your PhD are you in? (counting only years of research) <spam style=\"color:red\">*<\/spam><\/b><br \/>\n<span class=\"wpcf7-form-control-wrap radio_year\"><span class=\"wpcf7-form-control wpcf7-radio\"><span class=\"wpcf7-list-item first\"><span class=\"wpcf7-list-item-label\">First<\/span><input type=\"radio\" name=\"radio_year\" value=\"First\" \/><\/span><span class=\"wpcf7-list-item\"><span class=\"wpcf7-list-item-label\">Second<\/span><input type=\"radio\" name=\"radio_year\" value=\"Second\" \/><\/span><span class=\"wpcf7-list-item\"><span class=\"wpcf7-list-item-label\">Third<\/span><input type=\"radio\" name=\"radio_year\" value=\"Third\" \/><\/span><span class=\"wpcf7-list-item\"><span class=\"wpcf7-list-item-label\">Fourth<\/span><input type=\"radio\" name=\"radio_year\" value=\"Fourth\" \/><\/span><span class=\"wpcf7-list-item\"><span class=\"wpcf7-list-item-label\">Fifth<\/span><input type=\"radio\" name=\"radio_year\" value=\"Fifth\" \/><\/span><span class=\"wpcf7-list-item\"><span class=\"wpcf7-list-item-label\">Sixth and higher<\/span><input type=\"radio\" name=\"radio_year\" value=\"Sixth and higher\" \/><\/span><span class=\"wpcf7-list-item last\"><span class=\"wpcf7-list-item-label\">Other<\/span><input type=\"radio\" name=\"radio_year\" value=\"Other\" \/><\/span><\/span><\/span><br \/>\n<span class=\"wpcf7-form-control-wrap radio_year_text\"><input type=\"text\" name=\"radio_year_text\" value=\"\" size=\"40\" class=\"wpcf7-form-control wpcf7-text\" aria-invalid=\"false\" placeholder=\"Other\" \/><\/span>\n<\/div>\n<div class=\"wpb_column vc_column_container vc_col-12 vc_col-lg-12\" style=\"padding:15px; margin-bottom:10px; background:#f4f5f9;\">\n<b>In which language would you like your Support Group?<\/b> (Check all that apply)<br \/>\n<span class=\"wpcf7-form-control-wrap check_language\"><span class=\"wpcf7-form-control wpcf7-checkbox\"><span class=\"wpcf7-list-item first\"><label><input type=\"checkbox\" name=\"check_language[]\" value=\"English\" \/><span class=\"wpcf7-list-item-label\">English<\/span><\/label><\/span><span class=\"wpcf7-list-item\"><label><input type=\"checkbox\" name=\"check_language[]\" value=\"Spanish\" \/><span class=\"wpcf7-list-item-label\">Spanish<\/span><\/label><\/span><span class=\"wpcf7-list-item\"><label><input type=\"checkbox\" name=\"check_language[]\" value=\"Italian\" \/><span class=\"wpcf7-list-item-label\">Italian<\/span><\/label><\/span><span class=\"wpcf7-list-item\"><label><input type=\"checkbox\" name=\"check_language[]\" value=\"French\" \/><span class=\"wpcf7-list-item-label\">French<\/span><\/label><\/span><span class=\"wpcf7-list-item last\"><label><input type=\"checkbox\" name=\"check_language[]\" value=\"Other\" \/><span class=\"wpcf7-list-item-label\">Other<\/span><\/label><\/span><\/span><\/span><br \/>\n<span class=\"wpcf7-form-control-wrap language_text\"><input type=\"text\" name=\"language_text\" value=\"\" size=\"40\" class=\"wpcf7-form-control wpcf7-text\" aria-invalid=\"false\" placeholder=\"Other\" \/><\/span>\n<\/div>\n<div class=\"wpb_column vc_column_container vc_col-12 vc_col-lg-12\" style=\"padding:15px; margin-bottom:10px !important; background:#f4f5f9; border-right:1px solid #d3d3d3;\">\n <b>What is your PhD field? <spam style=\"color:red\">*<\/spam><\/b> <span class=\"wpcf7-form-control-wrap text_field\"><input type=\"text\" name=\"text_field\" value=\"\" size=\"40\" class=\"wpcf7-form-control wpcf7-text wpcf7-validates-as-required\" aria-required=\"true\" aria-invalid=\"false\" \/><\/span>\n<\/div>\n<div class=\"wpb_column vc_column_container vc_col-12 vc_col-lg-12\" style=\" padding:15px; margin-bottom:10px; background:#f4f5f9;\">\n<b>Do you mind having people of your own field in your PhD Support Group?  <spam style=\"color:red\">*<\/spam><\/b><br \/>\n<span class=\"wpcf7-form-control-wrap radio_people\"><span class=\"wpcf7-form-control wpcf7-radio\"><span class=\"wpcf7-list-item first\"><span class=\"wpcf7-list-item-label\">Yes<\/span><input type=\"radio\" name=\"radio_people\" value=\"Yes\" \/><\/span><span class=\"wpcf7-list-item last\"><span class=\"wpcf7-list-item-label\">No<\/span><input type=\"radio\" name=\"radio_people\" value=\"No\" \/><\/span><\/span><\/span>\n<\/div>\n<div class=\"wpb_column vc_column_container vc_col-12 vc_col-lg-12\" style=\"padding:15px; margin-bottom:10px !important; background:#f4f5f9; border-right:1px solid #d3d3d3;\">\n <b>At which university\/institution are you doing your PhD?<\/b> <span class=\"wpcf7-form-control-wrap text_univ\"><input type=\"text\" name=\"text_univ\" value=\"\" size=\"40\" class=\"wpcf7-form-control wpcf7-text\" aria-invalid=\"false\" \/><\/span>\n<\/div>\n<div class=\"wpb_column vc_column_container vc_col-12 vc_col-lg-12\" style=\"padding:15px; margin-bottom:10px; background:#f4f5f9;\">\n<b>Do you mind having people from the same university in your PhD Support Group? <\/b><br \/>\n<span class=\"wpcf7-form-control-wrap radio_people_univ\"><span class=\"wpcf7-form-control wpcf7-radio\"><span class=\"wpcf7-list-item first\"><span class=\"wpcf7-list-item-label\">Yes<\/span><input type=\"radio\" name=\"radio_people_univ\" value=\"Yes\" \/><\/span><span class=\"wpcf7-list-item last\"><span class=\"wpcf7-list-item-label\">No<\/span><input type=\"radio\" name=\"radio_people_univ\" value=\"No\" \/><\/span><\/span><\/span>\n<\/div>\n<div class=\"wpb_column vc_column_container vc_col-12 vc_col-lg-12\" style=\"padding:15px; margin-bottom:10px; background:#f4f5f9;\">\n<b>Which of these have you experienced?<\/b> (Check all that apply)<br \/>\n<span class=\"wpcf7-form-control-wrap check_depression\"><span class=\"wpcf7-form-control wpcf7-checkbox\"><span class=\"wpcf7-list-item first\"><label><input type=\"checkbox\" name=\"check_depression[]\" value=\"Long-term procrastination\" \/><span class=\"wpcf7-list-item-label\">Long-term procrastination<\/span><\/label><\/span><span class=\"wpcf7-list-item\"><label><input type=\"checkbox\" name=\"check_depression[]\" value=\"Fear of failure\" \/><span class=\"wpcf7-list-item-label\">Fear of failure<\/span><\/label><\/span><span class=\"wpcf7-list-item\"><label><input type=\"checkbox\" name=\"check_depression[]\" value=\"Feeling of not being good enough\" \/><span class=\"wpcf7-list-item-label\">Feeling of not being good enough<\/span><\/label><\/span><span class=\"wpcf7-list-item\"><label><input type=\"checkbox\" name=\"check_depression[]\" value=\"Loneliness\" \/><span class=\"wpcf7-list-item-label\">Loneliness<\/span><\/label><\/span><span class=\"wpcf7-list-item\"><label><input type=\"checkbox\" name=\"check_depression[]\" value=\"Long-term stress\" \/><span class=\"wpcf7-list-item-label\">Long-term stress<\/span><\/label><\/span><span class=\"wpcf7-list-item\"><label><input type=\"checkbox\" name=\"check_depression[]\" value=\"Anxiety\" \/><span class=\"wpcf7-list-item-label\">Anxiety<\/span><\/label><\/span><span class=\"wpcf7-list-item last\"><label><input type=\"checkbox\" name=\"check_depression[]\" value=\"Depression\" \/><span class=\"wpcf7-list-item-label\">Depression<\/span><\/label><\/span><\/span><\/span>\n<\/div>\n<div class=\"wpb_column vc_column_container vc_col-12 vc_col-lg-12\" style=\" padding:15px; margin-bottom:10px; background:#f4f5f9;\">\n<b>Would you like to be matched to people who have experienced similar issues? <\/b><br \/>\n<span class=\"wpcf7-form-control-wrap radio_issues\"><span class=\"wpcf7-form-control wpcf7-radio\"><span class=\"wpcf7-list-item first\"><span class=\"wpcf7-list-item-label\">Yes<\/span><input type=\"radio\" name=\"radio_issues\" value=\"Yes\" \/><\/span><span class=\"wpcf7-list-item\"><span class=\"wpcf7-list-item-label\">No<\/span><input type=\"radio\" name=\"radio_issues\" value=\"No\" \/><\/span><span class=\"wpcf7-list-item last\"><span class=\"wpcf7-list-item-label\">I don&#039;t mind either<\/span><input type=\"radio\" name=\"radio_issues\" value=\"I don&#039;t mind either\" \/><\/span><\/span><\/span>\n<\/div>\n<div class=\"wpb_column vc_column_container vc_col-sm-12\" style=\"margin-top:20px; margin-bottom:10px;\">\n<spam style=\"color:red\">*<\/spam> Required fields\n<\/div>\n<div class=\"wpb_column vc_column_container vc_col-sm-12\" style=\"margin-top:10px; margin-bottom:30px;\">\n<span class=\"wpcf7-form-control-wrap acceptance-287\"><span class=\"wpcf7-form-control wpcf7-acceptance\"><span class=\"wpcf7-list-item\"><input type=\"checkbox\" name=\"acceptance-287\" value=\"1\" aria-invalid=\"false\" class=\"acept_form\" \/><\/span><\/span><\/span> I have read, understood and accept the <a href=\"https:\/\/www.monocrom.com\/en\/legal\" target=\"_blank\">Privacy Policy<\/a>.\n<\/div>\n<div class=\"wpb_column vc_column_container vc_col-12\" style=\"margin-top:10px;\">\n<input type=\"submit\" value=\"Send\" class=\"wpcf7-form-control wpcf7-submit\" \/>\n<\/div>\n<input type='hidden' class='wpcf7-pum' value='{\"closepopup\":false,\"closedelay\":0,\"openpopup\":false,\"openpopup_id\":0}' \/><div class=\"wpcf7-response-output\" aria-hidden=\"true\"><\/div><\/form><\/div>[\/vc_column_inner][\/vc_row_inner][\/vc_column][\/vc_row]<\/p>\n","protected":false},"excerpt":{"rendered":"<p>[vc_row css_animation=&#8221;&#8221; row_type=&#8221;row&#8221; use_row_as_full_screen_section=&#8221;no&#8221; type=&#8221;grid&#8221; angled_section=&#8221;no&#8221; text_align=&#8221;left&#8221; background_image_as_pattern=&#8221;without_pattern&#8221; css=&#8221;.vc_custom_1606598381918{padding-top: 240px !important;padding-bottom: 60px !important;}&#8221; z_index=&#8221;&#8221;][vc_column][vc_column_text] Quiero unirme a un grupo de apoyo [\/vc_column_text][vc_empty_space height=&#8221;10px&#8221;][vc_column_text] Considero que algo que muchas veces falla es la falta de comunicaci\u00f3n entre estudiantes de doctorado que puedan compartir c\u00f3mo se sienten&#8230;.<\/p>\n","protected":false},"author":1,"featured_media":0,"parent":1365,"menu_order":0,"comment_status":"closed","ping_status":"closed","template":"full_width.php","meta":[],"yoast_head":"<!-- This site is optimized with the Yoast SEO plugin v15.8 - https:\/\/yoast.com\/wordpress\/plugins\/seo\/ -->\n<title>Grupos de apoyo - Peacehd<\/title>\n<meta name=\"robots\" content=\"index, follow, max-snippet:-1, max-image-preview:large, max-video-preview:-1\" \/>\n<link rel=\"canonical\" href=\"https:\/\/peacehdforphd.com\/es\/the-phd-experience\/phd-support-groups\/\" \/>\n<meta property=\"og:locale\" content=\"es_ES\" \/>\n<meta property=\"og:type\" content=\"article\" \/>\n<meta property=\"og:title\" content=\"Grupos de apoyo - Peacehd\" \/>\n<meta property=\"og:description\" content=\"[vc_row css_animation=&#8221;&#8221; row_type=&#8221;row&#8221; use_row_as_full_screen_section=&#8221;no&#8221; type=&#8221;grid&#8221; angled_section=&#8221;no&#8221; text_align=&#8221;left&#8221; background_image_as_pattern=&#8221;without_pattern&#8221; css=&#8221;.vc_custom_1606598381918{padding-top: 240px !important;padding-bottom: 60px !important;}&#8221; z_index=&#8221;&#8221;][vc_column][vc_column_text] Quiero unirme a un grupo de apoyo [\/vc_column_text][vc_empty_space height=&#8221;10px&#8221;][vc_column_text] Considero que algo que muchas veces falla es la falta de comunicaci\u00f3n entre estudiantes de doctorado que puedan compartir c\u00f3mo se sienten....\" \/>\n<meta property=\"og:url\" content=\"https:\/\/peacehdforphd.com\/es\/the-phd-experience\/phd-support-groups\/\" \/>\n<meta property=\"og:site_name\" content=\"Peacehd\" \/>\n<meta property=\"article:modified_time\" content=\"2020-12-01T07:12:50+00:00\" \/>\n<meta name=\"twitter:card\" content=\"summary_large_image\" \/>\n<meta name=\"twitter:label1\" content=\"Tiempo de lectura\">\n\t<meta name=\"twitter:data1\" content=\"4 minutos\">\n<script type=\"application\/ld+json\" class=\"yoast-schema-graph\">{\"@context\":\"https:\/\/schema.org\",\"@graph\":[{\"@type\":\"Organization\",\"@id\":\"https:\/\/peacehdforphd.com\/en\/#organization\",\"name\":\"PeacehD for PhD\",\"url\":\"https:\/\/peacehdforphd.com\/en\/\",\"sameAs\":[],\"logo\":{\"@type\":\"ImageObject\",\"@id\":\"https:\/\/peacehdforphd.com\/en\/#logo\",\"inLanguage\":\"es\",\"url\":\"https:\/\/peacehdforphd.com\/wp-content\/uploads\/2020\/11\/PeacehD_logo2.png\",\"width\":371,\"height\":60,\"caption\":\"PeacehD for PhD\"},\"image\":{\"@id\":\"https:\/\/peacehdforphd.com\/en\/#logo\"}},{\"@type\":\"WebSite\",\"@id\":\"https:\/\/peacehdforphd.com\/en\/#website\",\"url\":\"https:\/\/peacehdforphd.com\/en\/\",\"name\":\"Peacehd\",\"description\":\"Do your PhD in peace\",\"publisher\":{\"@id\":\"https:\/\/peacehdforphd.com\/en\/#organization\"},\"potentialAction\":[{\"@type\":\"SearchAction\",\"target\":\"https:\/\/peacehdforphd.com\/en\/?s={search_term_string}\",\"query-input\":\"required name=search_term_string\"}],\"inLanguage\":\"es\"},{\"@type\":\"WebPage\",\"@id\":\"https:\/\/peacehdforphd.com\/es\/the-phd-experience\/phd-support-groups\/#webpage\",\"url\":\"https:\/\/peacehdforphd.com\/es\/the-phd-experience\/phd-support-groups\/\",\"name\":\"Grupos de apoyo - Peacehd\",\"isPartOf\":{\"@id\":\"https:\/\/peacehdforphd.com\/en\/#website\"},\"datePublished\":\"2020-10-31T16:04:12+00:00\",\"dateModified\":\"2020-12-01T07:12:50+00:00\",\"breadcrumb\":{\"@id\":\"https:\/\/peacehdforphd.com\/es\/the-phd-experience\/phd-support-groups\/#breadcrumb\"},\"inLanguage\":\"es\",\"potentialAction\":[{\"@type\":\"ReadAction\",\"target\":[\"https:\/\/peacehdforphd.com\/es\/the-phd-experience\/phd-support-groups\/\"]}]},{\"@type\":\"BreadcrumbList\",\"@id\":\"https:\/\/peacehdforphd.com\/es\/the-phd-experience\/phd-support-groups\/#breadcrumb\",\"itemListElement\":[{\"@type\":\"ListItem\",\"position\":1,\"item\":{\"@type\":\"WebPage\",\"@id\":\"https:\/\/peacehdforphd.com\/es\/home\/\",\"url\":\"https:\/\/peacehdforphd.com\/es\/home\/\",\"name\":\"Home\"}},{\"@type\":\"ListItem\",\"position\":2,\"item\":{\"@type\":\"WebPage\",\"@id\":\"https:\/\/peacehdforphd.com\/es\/the-phd-experience\/\",\"url\":\"https:\/\/peacehdforphd.com\/es\/the-phd-experience\/\",\"name\":\"La experiencia del doctorado\"}},{\"@type\":\"ListItem\",\"position\":3,\"item\":{\"@type\":\"WebPage\",\"@id\":\"https:\/\/peacehdforphd.com\/es\/the-phd-experience\/phd-support-groups\/\",\"url\":\"https:\/\/peacehdforphd.com\/es\/the-phd-experience\/phd-support-groups\/\",\"name\":\"Grupos de apoyo\"}}]}]}<\/script>\n<!-- \/ Yoast SEO plugin. -->","_links":{"self":[{"href":"https:\/\/peacehdforphd.com\/es\/wp-json\/wp\/v2\/pages\/1379"}],"collection":[{"href":"https:\/\/peacehdforphd.com\/es\/wp-json\/wp\/v2\/pages"}],"about":[{"href":"https:\/\/peacehdforphd.com\/es\/wp-json\/wp\/v2\/types\/page"}],"author":[{"embeddable":true,"href":"https:\/\/peacehdforphd.com\/es\/wp-json\/wp\/v2\/users\/1"}],"replies":[{"embeddable":true,"href":"https:\/\/peacehdforphd.com\/es\/wp-json\/wp\/v2\/comments?post=1379"}],"version-history":[{"count":3,"href":"https:\/\/peacehdforphd.com\/es\/wp-json\/wp\/v2\/pages\/1379\/revisions"}],"predecessor-version":[{"id":1383,"href":"https:\/\/peacehdforphd.com\/es\/wp-json\/wp\/v2\/pages\/1379\/revisions\/1383"}],"up":[{"embeddable":true,"href":"https:\/\/peacehdforphd.com\/es\/wp-json\/wp\/v2\/pages\/1365"}],"wp:attachment":[{"href":"https:\/\/peacehdforphd.com\/es\/wp-json\/wp\/v2\/media?parent=1379"}],"curies":[{"name":"wp","href":"https:\/\/api.w.org\/{rel}","templated":true}]}}