{"id":1370,"date":"2020-11-01T09:49:16","date_gmt":"2020-11-01T09:49:16","guid":{"rendered":"https:\/\/peacehdforphd.com\/the-phd-experience\/my-process\/"},"modified":"2020-11-30T22:20:33","modified_gmt":"2020-11-30T22:20:33","slug":"my-process","status":"publish","type":"page","link":"https:\/\/peacehdforphd.com\/es\/the-phd-experience\/my-process\/","title":{"rendered":"Mi proceso"},"content":{"rendered":"<p>[vc_row css_animation=&#8221;&#8221; row_type=&#8221;row&#8221; use_row_as_full_screen_section=&#8221;no&#8221; type=&#8221;grid&#8221; angled_section=&#8221;no&#8221; text_align=&#8221;left&#8221; background_image_as_pattern=&#8221;without_pattern&#8221; css=&#8221;.vc_custom_1606598337798{padding-top: 15% !important;padding-bottom: 5% !important;}&#8221; z_index=&#8221;&#8221;][vc_column][vc_column_text]<\/p>\n<h3 dir=\"ltr\" style=\"text-align: left;\">Mi proceso<\/h3>\n<p>[\/vc_column_text][vc_empty_space height=&#8221;15px&#8221;][vc_column_text]<\/p>\n<p dir=\"ltr\">PeacehD nace motivado por mi propia experiencia, as\u00ed que quiero contarte c\u00f3mo viv\u00ed mis a\u00f1os de estudiante y qu\u00e9 me ayud\u00f3 durante el proceso.<\/p>\n<p>[\/vc_column_text][\/vc_column][\/vc_row][vc_row css_animation=&#8221;&#8221; row_type=&#8221;row&#8221; use_row_as_full_screen_section=&#8221;no&#8221; type=&#8221;full_width&#8221; angled_section=&#8221;no&#8221; text_align=&#8221;left&#8221; background_image_as_pattern=&#8221;without_pattern&#8221; z_index=&#8221;&#8221;][vc_column][qode_elements_holder number_of_columns=&#8221;two_columns&#8221;][qode_elements_holder_item advanced_animations=&#8221;no&#8221; background_color=&#8221;#3a6f84&#8243; item_padding=&#8221;10%&#8221;][vc_column_text]<\/p>\n<h4 dir=\"ltr\" style=\"text-align: right;\">\u00bfC\u00f3mo fue mi etapa como<br \/>\nestudiante de doctorado?<\/h4>\n<p>[\/vc_column_text][\/qode_elements_holder_item][qode_elements_holder_item advanced_animations=&#8221;no&#8221; item_padding=&#8221;10%&#8221; background_color=&#8221;#f4f5f9&#8243;][vc_column_text]<\/p>\n<h6 dir=\"ltr\">En ocasiones, muy dif\u00edcil.<\/h6>\n<p>[\/vc_column_text][vc_empty_space height=&#8221;10px&#8221;][vc_column_text]<\/p>\n<p dir=\"ltr\">A nivel mental, tuve muchos altibajos. Sufr\u00eda ansiedad, lo que repercuti\u00f3 en mi doctorado en algunas ocasiones. Como consecuencia, experiment\u00e9 fuerte miedo al fracaso, procrastinaci\u00f3n, s\u00edndrome del impostor, baja autoestima y niveles de autoexigencia desorbitados. Debido a que suelo somatizar la ansiedad, tuve bastantes problemas de salud durante los primeros cursos.<\/p>\n<p>[\/vc_column_text][vc_empty_space height=&#8221;10px&#8221;][vc_column_text]<\/p>\n<p dir=\"ltr\">Cuando mis niveles de ansiedad a nivel general, no solo en relaci\u00f3n al doctorado, se dispararon, decid\u00ed buscar ayuda. Desde entonces, me empec\u00e9 a sentir mejor en todos los \u00e1mbitos de mi vida, y encontr\u00e9 paz dentro del mundo del doctorado.<\/p>\n<p>[\/vc_column_text][\/qode_elements_holder_item][\/qode_elements_holder][qode_elements_holder number_of_columns=&#8221;two_columns&#8221;][qode_elements_holder_item advanced_animations=&#8221;no&#8221; item_padding=&#8221;10%&#8221; background_color=&#8221;#f4f5f9&#8243;][vc_column_text]<\/p>\n<h6 dir=\"ltr\">Las cuatro cosas que me ayudaron a mejorar<\/h6>\n<p>[\/vc_column_text][vc_empty_space height=&#8221;10px&#8221;][vc_column_text]<\/p>\n<p dir=\"ltr\">fueron 1) terapia, 2) un grupo de apoyo formado por gente que sufr\u00eda ansiedad, 3) contar con familia y amigos con los que poder hablar abiertamente sobre mis problemas y 4) hacer actividades ajenas al doctorado (baile, mindfulness y, recientemente, yoga Kundalini).<\/p>\n<p>[\/vc_column_text][vc_empty_space height=&#8221;10px&#8221;][vc_column_text]A lo largo de los a\u00f1os, aprend\u00ed a gestionar mis problemas y me hice con las herramientas para, no s\u00f3lo terminar el doctorado de la manera en la que lo hab\u00eda so\u00f1ado, sino tambi\u00e9n para sentirme bien en general.[\/vc_column_text][\/qode_elements_holder_item][qode_elements_holder_item advanced_animations=&#8221;no&#8221; background_color=&#8221;#3a6f84&#8243; item_padding=&#8221;10%&#8221;][vc_column_text]<\/p>\n<h4 dir=\"ltr\" style=\"text-align: left;\">\u00bfQu\u00e9<br \/>\nme ayud\u00f3?<\/h4>\n<p>[\/vc_column_text][\/qode_elements_holder_item][\/qode_elements_holder][qode_elements_holder number_of_columns=&#8221;two_columns&#8221;][qode_elements_holder_item advanced_animations=&#8221;no&#8221; background_color=&#8221;#3a6f84&#8243; item_padding=&#8221;10%&#8221;][vc_column_text]<\/p>\n<h4 dir=\"ltr\" style=\"text-align: right;\">El reflejo de mi<br \/>\nproceso en PeacehD<\/h4>\n<p>[\/vc_column_text][\/qode_elements_holder_item][qode_elements_holder_item advanced_animations=&#8221;no&#8221; item_padding=&#8221;10%&#8221; background_color=&#8221;#f4f5f9&#8243;][vc_column_text]<\/p>\n<h6 dir=\"ltr\">Ya despu\u00e9s de haber empezado terapia,<\/h6>\n<p>[\/vc_column_text][vc_empty_space height=&#8221;10px&#8221;][vc_column_text]<\/p>\n<p dir=\"ltr\">me llev\u00f3 bastante tiempo poder explicarle a mi terapeuta todas las particularidades que tiene hacer un doctorado. De hecho, no todos los terapeutas y coaches conocen el mundo de los doctorados, pero considero que si tuviesen m\u00e1s informaci\u00f3n sobre \u00e9l, podr\u00edan ayudar a mucha gente de manera m\u00e1s efectiva.<\/p>\n<p>[\/vc_column_text][vc_empty_space height=&#8221;10px&#8221;][vc_column_text]<\/p>\n<p dir=\"ltr\">Si bien mi grupo de apoyo fue crucial en los momentos duros, es cierto que poca gente pod\u00eda identificarse con la problem\u00e1tica derivada del doctorado que yo les planteaba. Cuando, una vez, me fui a un retiro de fin de semana para gente con ansiedad y escuch\u00e9 a dos chicas hablar sobre el mundo del doctorado, me sent\u00ed totalmente conectada a ellas. \u00bfQui\u00e9n podr\u00eda empatizar conmigo mejor que alguien que estaba pasando por lo mismo?<\/p>\n<p>[\/vc_column_text][vc_empty_space height=&#8221;10px&#8221;][vc_column_text]<\/p>\n<p dir=\"ltr\">Finalmente, cuando lleg\u00f3 el Covid, valor\u00e9 a\u00fan m\u00e1s el hecho de estar familiarizada con las terapias online. Ahora que la pandemia nos hace pasar m\u00e1s tiempo de lo normal sentados en el sof\u00e1 de casa, podemos acabar aisl\u00e1ndonos m\u00e1s de lo debido, por lo que es recomendable encontrar formas innovadoras de conectar con gente.<\/p>\n<p>[\/vc_column_text][\/qode_elements_holder_item][\/qode_elements_holder][\/vc_column][\/vc_row]<\/p>\n","protected":false},"excerpt":{"rendered":"<p>[vc_row css_animation=&#8221;&#8221; row_type=&#8221;row&#8221; use_row_as_full_screen_section=&#8221;no&#8221; type=&#8221;grid&#8221; angled_section=&#8221;no&#8221; text_align=&#8221;left&#8221; background_image_as_pattern=&#8221;without_pattern&#8221; css=&#8221;.vc_custom_1606598337798{padding-top: 15% !important;padding-bottom: 5% !important;}&#8221; z_index=&#8221;&#8221;][vc_column][vc_column_text] Mi proceso [\/vc_column_text][vc_empty_space height=&#8221;15px&#8221;][vc_column_text] PeacehD nace motivado por mi propia experiencia, as\u00ed que quiero contarte c\u00f3mo viv\u00ed mis a\u00f1os de estudiante y qu\u00e9 me ayud\u00f3 durante el proceso. [\/vc_column_text][\/vc_column][\/vc_row][vc_row css_animation=&#8221;&#8221; row_type=&#8221;row&#8221;&#8230;<\/p>\n","protected":false},"author":1,"featured_media":0,"parent":1365,"menu_order":0,"comment_status":"closed","ping_status":"closed","template":"full_width.php","meta":[],"yoast_head":"<!-- This site is optimized with the Yoast SEO plugin v15.8 - https:\/\/yoast.com\/wordpress\/plugins\/seo\/ -->\n<title>Mi proceso - Peacehd<\/title>\n<meta name=\"robots\" content=\"index, follow, max-snippet:-1, max-image-preview:large, max-video-preview:-1\" \/>\n<link rel=\"canonical\" href=\"https:\/\/peacehdforphd.com\/es\/the-phd-experience\/my-process\/\" \/>\n<meta property=\"og:locale\" content=\"es_ES\" \/>\n<meta property=\"og:type\" content=\"article\" \/>\n<meta property=\"og:title\" content=\"Mi proceso - Peacehd\" \/>\n<meta property=\"og:description\" content=\"[vc_row css_animation=&#8221;&#8221; row_type=&#8221;row&#8221; use_row_as_full_screen_section=&#8221;no&#8221; type=&#8221;grid&#8221; angled_section=&#8221;no&#8221; text_align=&#8221;left&#8221; background_image_as_pattern=&#8221;without_pattern&#8221; css=&#8221;.vc_custom_1606598337798{padding-top: 15% !important;padding-bottom: 5% !important;}&#8221; z_index=&#8221;&#8221;][vc_column][vc_column_text] Mi proceso [\/vc_column_text][vc_empty_space height=&#8221;15px&#8221;][vc_column_text] PeacehD nace motivado por mi propia experiencia, as\u00ed que quiero contarte c\u00f3mo viv\u00ed mis a\u00f1os de estudiante y qu\u00e9 me ayud\u00f3 durante el proceso. [\/vc_column_text][\/vc_column][\/vc_row][vc_row css_animation=&#8221;&#8221; row_type=&#8221;row&#8221;...\" \/>\n<meta property=\"og:url\" content=\"https:\/\/peacehdforphd.com\/es\/the-phd-experience\/my-process\/\" \/>\n<meta property=\"og:site_name\" content=\"Peacehd\" \/>\n<meta property=\"article:modified_time\" content=\"2020-11-30T22:20:33+00:00\" \/>\n<meta name=\"twitter:card\" content=\"summary_large_image\" \/>\n<meta name=\"twitter:label1\" content=\"Tiempo de lectura\">\n\t<meta name=\"twitter:data1\" content=\"4 minutos\">\n<script type=\"application\/ld+json\" class=\"yoast-schema-graph\">{\"@context\":\"https:\/\/schema.org\",\"@graph\":[{\"@type\":\"Organization\",\"@id\":\"https:\/\/peacehdforphd.com\/en\/#organization\",\"name\":\"PeacehD for PhD\",\"url\":\"https:\/\/peacehdforphd.com\/en\/\",\"sameAs\":[],\"logo\":{\"@type\":\"ImageObject\",\"@id\":\"https:\/\/peacehdforphd.com\/en\/#logo\",\"inLanguage\":\"es\",\"url\":\"https:\/\/peacehdforphd.com\/wp-content\/uploads\/2020\/11\/PeacehD_logo2.png\",\"width\":371,\"height\":60,\"caption\":\"PeacehD for PhD\"},\"image\":{\"@id\":\"https:\/\/peacehdforphd.com\/en\/#logo\"}},{\"@type\":\"WebSite\",\"@id\":\"https:\/\/peacehdforphd.com\/en\/#website\",\"url\":\"https:\/\/peacehdforphd.com\/en\/\",\"name\":\"Peacehd\",\"description\":\"Do your PhD in peace\",\"publisher\":{\"@id\":\"https:\/\/peacehdforphd.com\/en\/#organization\"},\"potentialAction\":[{\"@type\":\"SearchAction\",\"target\":\"https:\/\/peacehdforphd.com\/en\/?s={search_term_string}\",\"query-input\":\"required name=search_term_string\"}],\"inLanguage\":\"es\"},{\"@type\":\"WebPage\",\"@id\":\"https:\/\/peacehdforphd.com\/es\/the-phd-experience\/my-process\/#webpage\",\"url\":\"https:\/\/peacehdforphd.com\/es\/the-phd-experience\/my-process\/\",\"name\":\"Mi proceso - Peacehd\",\"isPartOf\":{\"@id\":\"https:\/\/peacehdforphd.com\/en\/#website\"},\"datePublished\":\"2020-11-01T09:49:16+00:00\",\"dateModified\":\"2020-11-30T22:20:33+00:00\",\"breadcrumb\":{\"@id\":\"https:\/\/peacehdforphd.com\/es\/the-phd-experience\/my-process\/#breadcrumb\"},\"inLanguage\":\"es\",\"potentialAction\":[{\"@type\":\"ReadAction\",\"target\":[\"https:\/\/peacehdforphd.com\/es\/the-phd-experience\/my-process\/\"]}]},{\"@type\":\"BreadcrumbList\",\"@id\":\"https:\/\/peacehdforphd.com\/es\/the-phd-experience\/my-process\/#breadcrumb\",\"itemListElement\":[{\"@type\":\"ListItem\",\"position\":1,\"item\":{\"@type\":\"WebPage\",\"@id\":\"https:\/\/peacehdforphd.com\/es\/home\/\",\"url\":\"https:\/\/peacehdforphd.com\/es\/home\/\",\"name\":\"Home\"}},{\"@type\":\"ListItem\",\"position\":2,\"item\":{\"@type\":\"WebPage\",\"@id\":\"https:\/\/peacehdforphd.com\/es\/the-phd-experience\/\",\"url\":\"https:\/\/peacehdforphd.com\/es\/the-phd-experience\/\",\"name\":\"La experiencia del doctorado\"}},{\"@type\":\"ListItem\",\"position\":3,\"item\":{\"@type\":\"WebPage\",\"@id\":\"https:\/\/peacehdforphd.com\/es\/the-phd-experience\/my-process\/\",\"url\":\"https:\/\/peacehdforphd.com\/es\/the-phd-experience\/my-process\/\",\"name\":\"Mi proceso\"}}]}]}<\/script>\n<!-- \/ Yoast SEO plugin. -->","_links":{"self":[{"href":"https:\/\/peacehdforphd.com\/es\/wp-json\/wp\/v2\/pages\/1370"}],"collection":[{"href":"https:\/\/peacehdforphd.com\/es\/wp-json\/wp\/v2\/pages"}],"about":[{"href":"https:\/\/peacehdforphd.com\/es\/wp-json\/wp\/v2\/types\/page"}],"author":[{"embeddable":true,"href":"https:\/\/peacehdforphd.com\/es\/wp-json\/wp\/v2\/users\/1"}],"replies":[{"embeddable":true,"href":"https:\/\/peacehdforphd.com\/es\/wp-json\/wp\/v2\/comments?post=1370"}],"version-history":[{"count":3,"href":"https:\/\/peacehdforphd.com\/es\/wp-json\/wp\/v2\/pages\/1370\/revisions"}],"predecessor-version":[{"id":1373,"href":"https:\/\/peacehdforphd.com\/es\/wp-json\/wp\/v2\/pages\/1370\/revisions\/1373"}],"up":[{"embeddable":true,"href":"https:\/\/peacehdforphd.com\/es\/wp-json\/wp\/v2\/pages\/1365"}],"wp:attachment":[{"href":"https:\/\/peacehdforphd.com\/es\/wp-json\/wp\/v2\/media?parent=1370"}],"curies":[{"name":"wp","href":"https:\/\/api.w.org\/{rel}","templated":true}]}}