{"id":1365,"date":"2020-10-27T15:19:44","date_gmt":"2020-10-27T15:19:44","guid":{"rendered":"https:\/\/peacehdforphd.com\/the-phd-experience\/"},"modified":"2020-12-01T14:44:28","modified_gmt":"2020-12-01T14:44:28","slug":"the-phd-experience","status":"publish","type":"page","link":"https:\/\/peacehdforphd.com\/es\/the-phd-experience\/","title":{"rendered":"La experiencia del doctorado"},"content":{"rendered":"<p>[vc_row css_animation=&#8221;&#8221; row_type=&#8221;row&#8221; use_row_as_full_screen_section=&#8221;no&#8221; type=&#8221;grid&#8221; angled_section=&#8221;no&#8221; text_align=&#8221;left&#8221; background_image_as_pattern=&#8221;without_pattern&#8221; css=&#8221;.vc_custom_1606660724792{padding-top: 15% !important;padding-bottom: 60px !important;}&#8221; z_index=&#8221;&#8221;][vc_column][vc_column_text]<\/p>\n<h3 dir=\"ltr\" style=\"text-align: left;\">La experiencia del doctorado<\/h3>\n<p>[\/vc_column_text][vc_empty_space height=&#8221;10px&#8221;][vc_column_text]<\/p>\n<p dir=\"ltr\">Aqu\u00ed, compartir\u00e9 m\u00e1s detalles de mi proceso y har\u00e9 que puedas participar de forma directa en la comunidad PeacehD a trav\u00e9s de los grupos de apoyo, o compartiendo tus propias experiencias al enfrentar los desaf\u00edos del doctorado, ya seas un antiguo estudiante o est\u00e9s cursando tu doctorado ahora. \u00a1Esto nos ayudar\u00e1 a entender cu\u00e1les son los problemas m\u00e1s comunes y qu\u00e9 hace la gente para enfrentarlos!<\/p>\n<p>[\/vc_column_text][\/vc_column][\/vc_row][vc_row css_animation=&#8221;&#8221; row_type=&#8221;row&#8221; use_row_as_full_screen_section=&#8221;no&#8221; type=&#8221;grid&#8221; angled_section=&#8221;no&#8221; text_align=&#8221;left&#8221; background_image_as_pattern=&#8221;without_pattern&#8221; css=&#8221;.vc_custom_1604225036000{padding-top: 80px !important;padding-bottom: 50px !important;background-color: #f4f5f9 !important;}&#8221; z_index=&#8221;&#8221;][vc_column width=&#8221;1\/4&#8243;]<div class=\"qode-info-card\">\n\t\t<div class=\"qode-info-card-text-holder\" style=\"background-color:#ffffff\">\n\t\t\t\t\t<h6 class=\"qode-info-card-title\" >\n\t\t\t\tMi proceso\t\t\t<\/h6>\n\t\t\t\t\t\t\t<p class=\"qode-info-card-text\" >\n\t\t\t\t\u00bfQu\u00e9 cosas tuve que enfrentar, y qu\u00e9 me ayudo durante el proceso?\t\t\t<\/p>\n\t\t\t<\/div>\n\t\t\t<div class=\"qode-info-card-link-holder\">\n\t\t\t<a itemprop=\"url\" class=\"qode-qbutton-main-color qode-qbutton-full-width qode-qbutton-square\" href=\"https:\/\/peacehdforphd.com\/the-phd-experience\/my-process\/\" target=\"_self\" ><span>Sigue leyendo<\/span><\/a>\n\t\t<\/div>\n\t<\/div>[\/vc_column][vc_column width=&#8221;1\/4&#8243;]<div class=\"qode-info-card\">\n\t\t<div class=\"qode-info-card-text-holder\" style=\"background-color:#fff\">\n\t\t\t\t\t<h6 class=\"qode-info-card-title\" >\n\t\t\t\tProblemas t\u00edpicos del doctorado\t\t\t<\/h6>\n\t\t\t\t\t\t\t<p class=\"qode-info-card-text\" >\n\t\t\t\tDesde que empec\u00e9 a construir PeacehD, he hablado con muchos estudiantes y terapeutas, gracias a lo que he creado una lista con los problemas m\u00e1s comunes.\t\t\t<\/p>\n\t\t\t<\/div>\n\t\t\t<div class=\"qode-info-card-link-holder\">\n\t\t\t<a itemprop=\"url\" class=\"qode-qbutton-main-color qode-qbutton-full-width qode-qbutton-square\" href=\"https:\/\/peacehdforphd.com\/en\/the-phd-experience\/typical-issues-in-a-phd-program\/\" target=\"_self\" ><span>Sigue leyendo<\/span><\/a>\n\t\t<\/div>\n\t<\/div>[\/vc_column][vc_column width=&#8221;1\/4&#8243;]<div class=\"qode-info-card\">\n\t\t<div class=\"qode-info-card-text-holder\" style=\"background-color:#fff\">\n\t\t\t\t\t<h6 class=\"qode-info-card-title\" >\n\t\t\t\tGrupos de apoyo\t\t\t<\/h6>\n\t\t\t\t\t\t\t<p class=\"qode-info-card-text\" >\n\t\t\t\t\u00bfTe gustar\u00eda charlar de manera regular con otros estudiantes de doctorado que est\u00e9n pasando por situaciones similares a la tuya? \u00a1\u00danete a uno de los grupos de apoyo!\t\t\t<\/p>\n\t\t\t<\/div>\n\t\t\t<div class=\"qode-info-card-link-holder\">\n\t\t\t<a itemprop=\"url\" class=\"qode-qbutton-main-color qode-qbutton-full-width qode-qbutton-square\" href=\"https:\/\/peacehdforphd.com\/en\/the-phd-experience\/phd-support-groups\/\" target=\"_self\" ><span>Sigue leyendo<\/span><\/a>\n\t\t<\/div>\n\t<\/div>[\/vc_column][vc_column width=&#8221;1\/4&#8243;]<div class=\"qode-info-card\">\n\t\t<div class=\"qode-info-card-text-holder\" style=\"background-color:#fff\">\n\t\t\t\t\t<h6 class=\"qode-info-card-title\" >\n\t\t\t\t\u00a1Participa!\t\t\t<\/h6>\n\t\t\t\t\t\t\t<p class=\"qode-info-card-text\" >\n\t\t\t\tParticipa cont\u00e1ndome tu experiencia con el doctorado para que podamos hacernos una idea m\u00e1s concreta de cu\u00e1les son los problemas que los estudiantes de doctorado enfrentan m\u00e1s a menudo, y qu\u00e9 lecciones podemos aprender de aquellos estudiantes que ya hayan finalizado sus estudios.\t\t\t<\/p>\n\t\t\t<\/div>\n\t\t\t<div class=\"qode-info-card-link-holder\">\n\t\t\t<a itemprop=\"url\" class=\"qode-qbutton-main-color qode-qbutton-full-width qode-qbutton-square\" href=\"https:\/\/peacehdforphd.com\/en\/the-phd-experience\/get-involved\/\" target=\"_self\" ><span>Sigue leyendo<\/span><\/a>\n\t\t<\/div>\n\t<\/div>[\/vc_column][\/vc_row]<\/p>\n","protected":false},"excerpt":{"rendered":"<p>[vc_row css_animation=&#8221;&#8221; row_type=&#8221;row&#8221; use_row_as_full_screen_section=&#8221;no&#8221; type=&#8221;grid&#8221; angled_section=&#8221;no&#8221; text_align=&#8221;left&#8221; background_image_as_pattern=&#8221;without_pattern&#8221; css=&#8221;.vc_custom_1606660724792{padding-top: 15% !important;padding-bottom: 60px !important;}&#8221; z_index=&#8221;&#8221;][vc_column][vc_column_text] La experiencia del doctorado [\/vc_column_text][vc_empty_space height=&#8221;10px&#8221;][vc_column_text] Aqu\u00ed, compartir\u00e9 m\u00e1s detalles de mi proceso y har\u00e9 que puedas participar de forma directa en la comunidad PeacehD a trav\u00e9s de los grupos de&#8230;<\/p>\n","protected":false},"author":1,"featured_media":0,"parent":0,"menu_order":0,"comment_status":"closed","ping_status":"closed","template":"full_width.php","meta":[],"yoast_head":"<!-- This site is optimized with the Yoast SEO plugin v15.8 - https:\/\/yoast.com\/wordpress\/plugins\/seo\/ -->\n<title>La experiencia del doctorado - Peacehd<\/title>\n<meta name=\"robots\" content=\"index, follow, max-snippet:-1, max-image-preview:large, max-video-preview:-1\" \/>\n<link rel=\"canonical\" href=\"https:\/\/peacehdforphd.com\/es\/the-phd-experience\/\" \/>\n<meta property=\"og:locale\" content=\"es_ES\" \/>\n<meta property=\"og:type\" content=\"article\" \/>\n<meta property=\"og:title\" content=\"La experiencia del doctorado - Peacehd\" \/>\n<meta property=\"og:description\" content=\"[vc_row css_animation=&#8221;&#8221; row_type=&#8221;row&#8221; use_row_as_full_screen_section=&#8221;no&#8221; type=&#8221;grid&#8221; angled_section=&#8221;no&#8221; text_align=&#8221;left&#8221; background_image_as_pattern=&#8221;without_pattern&#8221; css=&#8221;.vc_custom_1606660724792{padding-top: 15% !important;padding-bottom: 60px !important;}&#8221; z_index=&#8221;&#8221;][vc_column][vc_column_text] La experiencia del doctorado [\/vc_column_text][vc_empty_space height=&#8221;10px&#8221;][vc_column_text] Aqu\u00ed, compartir\u00e9 m\u00e1s detalles de mi proceso y har\u00e9 que puedas participar de forma directa en la comunidad PeacehD a trav\u00e9s de los grupos de...\" \/>\n<meta property=\"og:url\" content=\"https:\/\/peacehdforphd.com\/es\/the-phd-experience\/\" \/>\n<meta property=\"og:site_name\" content=\"Peacehd\" \/>\n<meta property=\"article:modified_time\" content=\"2020-12-01T14:44:28+00:00\" \/>\n<meta name=\"twitter:card\" content=\"summary_large_image\" \/>\n<meta name=\"twitter:label1\" content=\"Tiempo de lectura\">\n\t<meta name=\"twitter:data1\" content=\"2 minutos\">\n<script type=\"application\/ld+json\" class=\"yoast-schema-graph\">{\"@context\":\"https:\/\/schema.org\",\"@graph\":[{\"@type\":\"Organization\",\"@id\":\"https:\/\/peacehdforphd.com\/en\/#organization\",\"name\":\"PeacehD for PhD\",\"url\":\"https:\/\/peacehdforphd.com\/en\/\",\"sameAs\":[],\"logo\":{\"@type\":\"ImageObject\",\"@id\":\"https:\/\/peacehdforphd.com\/en\/#logo\",\"inLanguage\":\"es\",\"url\":\"https:\/\/peacehdforphd.com\/wp-content\/uploads\/2020\/11\/PeacehD_logo2.png\",\"width\":371,\"height\":60,\"caption\":\"PeacehD for PhD\"},\"image\":{\"@id\":\"https:\/\/peacehdforphd.com\/en\/#logo\"}},{\"@type\":\"WebSite\",\"@id\":\"https:\/\/peacehdforphd.com\/en\/#website\",\"url\":\"https:\/\/peacehdforphd.com\/en\/\",\"name\":\"Peacehd\",\"description\":\"Do your PhD in peace\",\"publisher\":{\"@id\":\"https:\/\/peacehdforphd.com\/en\/#organization\"},\"potentialAction\":[{\"@type\":\"SearchAction\",\"target\":\"https:\/\/peacehdforphd.com\/en\/?s={search_term_string}\",\"query-input\":\"required name=search_term_string\"}],\"inLanguage\":\"es\"},{\"@type\":\"WebPage\",\"@id\":\"https:\/\/peacehdforphd.com\/es\/the-phd-experience\/#webpage\",\"url\":\"https:\/\/peacehdforphd.com\/es\/the-phd-experience\/\",\"name\":\"La experiencia del doctorado - Peacehd\",\"isPartOf\":{\"@id\":\"https:\/\/peacehdforphd.com\/en\/#website\"},\"datePublished\":\"2020-10-27T15:19:44+00:00\",\"dateModified\":\"2020-12-01T14:44:28+00:00\",\"breadcrumb\":{\"@id\":\"https:\/\/peacehdforphd.com\/es\/the-phd-experience\/#breadcrumb\"},\"inLanguage\":\"es\",\"potentialAction\":[{\"@type\":\"ReadAction\",\"target\":[\"https:\/\/peacehdforphd.com\/es\/the-phd-experience\/\"]}]},{\"@type\":\"BreadcrumbList\",\"@id\":\"https:\/\/peacehdforphd.com\/es\/the-phd-experience\/#breadcrumb\",\"itemListElement\":[{\"@type\":\"ListItem\",\"position\":1,\"item\":{\"@type\":\"WebPage\",\"@id\":\"https:\/\/peacehdforphd.com\/es\/home\/\",\"url\":\"https:\/\/peacehdforphd.com\/es\/home\/\",\"name\":\"Home\"}},{\"@type\":\"ListItem\",\"position\":2,\"item\":{\"@type\":\"WebPage\",\"@id\":\"https:\/\/peacehdforphd.com\/es\/the-phd-experience\/\",\"url\":\"https:\/\/peacehdforphd.com\/es\/the-phd-experience\/\",\"name\":\"La experiencia del doctorado\"}}]}]}<\/script>\n<!-- \/ Yoast SEO plugin. -->","_links":{"self":[{"href":"https:\/\/peacehdforphd.com\/es\/wp-json\/wp\/v2\/pages\/1365"}],"collection":[{"href":"https:\/\/peacehdforphd.com\/es\/wp-json\/wp\/v2\/pages"}],"about":[{"href":"https:\/\/peacehdforphd.com\/es\/wp-json\/wp\/v2\/types\/page"}],"author":[{"embeddable":true,"href":"https:\/\/peacehdforphd.com\/es\/wp-json\/wp\/v2\/users\/1"}],"replies":[{"embeddable":true,"href":"https:\/\/peacehdforphd.com\/es\/wp-json\/wp\/v2\/comments?post=1365"}],"version-history":[{"count":5,"href":"https:\/\/peacehdforphd.com\/es\/wp-json\/wp\/v2\/pages\/1365\/revisions"}],"predecessor-version":[{"id":1472,"href":"https:\/\/peacehdforphd.com\/es\/wp-json\/wp\/v2\/pages\/1365\/revisions\/1472"}],"wp:attachment":[{"href":"https:\/\/peacehdforphd.com\/es\/wp-json\/wp\/v2\/media?parent=1365"}],"curies":[{"name":"wp","href":"https:\/\/api.w.org\/{rel}","templated":true}]}}