{"id":1211,"date":"2020-10-31T17:03:57","date_gmt":"2020-10-31T17:03:57","guid":{"rendered":"https:\/\/peacehdforphd.com\/home\/"},"modified":"2020-12-03T14:31:00","modified_gmt":"2020-12-03T14:31:00","slug":"home","status":"publish","type":"page","link":"https:\/\/peacehdforphd.com\/es\/","title":{"rendered":"Inicio"},"content":{"rendered":"<p>[vc_row css_animation=&#8221;&#8221; row_type=&#8221;row&#8221; use_row_as_full_screen_section=&#8221;no&#8221; type=&#8221;full_width&#8221; angled_section=&#8221;no&#8221; text_align=&#8221;left&#8221; background_image_as_pattern=&#8221;without_pattern&#8221;][vc_column width=&#8221;1\/2&#8243; css=&#8221;.vc_custom_1606498750323{padding-top: 350px !important;padding-bottom: 350px !important;background-image: url(https:\/\/peacehdforphd.com\/wp-content\/uploads\/2020\/10\/peacehd_bg1.jpg?id=745) !important;background-position: center !important;background-repeat: no-repeat !important;background-size: cover !important;}&#8221; el_id=&#8221;home_row_foto&#8221;][\/vc_column][vc_column width=&#8221;1\/2&#8243; css=&#8221;.vc_custom_1604168565136{padding-top: 180px !important;padding-right: 50px !important;padding-bottom: 60px !important;padding-left: 30px !important;}&#8221;][vc_column_text]<span style=\"font-size: 20px;\">Bienvenido a<\/span>[\/vc_column_text][vc_single_image image=&#8221;1359&#8243; img_size=&#8221;309&#215;50&#8243; qode_css_animation=&#8221;&#8221;][vc_empty_space height=&#8221;10px&#8221;][vc_column_text]<\/p>\n<p dir=\"ltr\">PeacehD es una web que proporciona el apoyo y las<br \/>\nherramientas necesarias para hacer tu doctorado en paz.<\/p>\n<p>[\/vc_column_text][vc_empty_space height=&#8221;35px&#8221;][vc_column_text]<\/p>\n<p dir=\"ltr\">Compartir\u00e9 mi experiencia personal, te presentar\u00e9 a gente que est\u00e1 enfrentando tus mismos desaf\u00edos y te pondr\u00e9 en contacto con profesionales que conocen bien lo que suponen las batallas de los estudiantes de doctorado, y pueden ayudarte con el proceso.<\/p>\n<p>[\/vc_column_text][vc_empty_space][vc_column_text]<\/p>\n<h6 class=\"p1\"><span class=\"s1\">Quiero echarte una mano para que encuentres paz durante tus a\u00f1os de doctorado!<\/span><\/h6>\n<p>[\/vc_column_text][vc_empty_space]<a  itemprop=\"url\" href=\"#home_row_aims\" target=\"_self\"  class=\"qbutton  default\" style=\"margin: 0px 10px 0px 0px; \">Oferta de PeacehD<\/a><a  itemprop=\"url\" href=\"#home_row_about\" target=\"_self\"  class=\"qbutton  default\" style=\"\">Sobre m\u00ed<\/a>[\/vc_column][\/vc_row][vc_row css_animation=&#8221;&#8221; row_type=&#8221;row&#8221; use_row_as_full_screen_section=&#8221;no&#8221; type=&#8221;full_width&#8221; angled_section=&#8221;no&#8221; text_align=&#8221;center&#8221; background_image_as_pattern=&#8221;without_pattern&#8221; z_index=&#8221;&#8221; css=&#8221;.vc_custom_1604165211577{padding-top: 110px !important;padding-bottom: 80px !important;}&#8221;][vc_column width=&#8221;1\/6&#8243;][\/vc_column][vc_column width=&#8221;2\/3&#8243;][vc_column_text]<\/p>\n<h2 class=\"p1\" style=\"text-align: center;\"><span class=\"s1\">\u00bfPor qu\u00e9 creo que PeacehD <\/span><span class=\"s1\">es necesario?\u00a0<\/span><\/h2>\n<p>[\/vc_column_text][vc_empty_space height=&#8221;10px&#8221;][vc_column_text]<\/p>\n<p dir=\"ltr\">Mi \u00e9poca como estudiante de doctorado ha estado llena de altibajos emocionales. Tras hablar con diferentes personas sobre ello, me di cuenta de que mucha gente pasaba por lo mismo. Como muestra <a href=\"https:\/\/www.nature.com\/articles\/d41586-019-03489-1\" target=\"_blank\" rel=\"noopener noreferrer\">este art\u00edculo<\/a> de Nature, es un hecho que montones de estudiantes de doctorado lidian con problemas de ansiedad y depresi\u00f3n. Durante mi doctorado, no me daba cuenta de cu\u00e1nta gente estaba pasando por algo similar, y no sab\u00eda como manejar la situaci\u00f3n.\u00a0 Me hac\u00eda muchas preguntas.<\/p>\n<p>[\/vc_column_text][vc_empty_space][vc_column_text]<\/p>\n<h6 class=\"p1\" style=\"text-align: center;\"><span class=\"s1\">\u00bfSoy la \u00fanica que est\u00e1 pasando por esto?<\/span><\/h6>\n<p>[\/vc_column_text][vc_empty_space height=&#8221;15px&#8221;][vc_column_text]<\/p>\n<h6 class=\"p1\" style=\"text-align: center;\"><span class=\"s1\">\u00bfC\u00f3mo puedo contactar con gente en una situaci\u00f3n similar?<\/span><\/h6>\n<p>[\/vc_column_text][vc_empty_space height=&#8221;15px&#8221;][vc_column_text]<\/p>\n<h6 class=\"p1\" style=\"text-align: center;\"><span class=\"s1\">\u00bfD\u00f3nde puedo obtener ayuda profesional?<\/span><\/h6>\n<p>[\/vc_column_text][vc_empty_space]<a  itemprop=\"url\" href=\"https:\/\/peacehdforphd.com\/the-phd-experience\/\" target=\"_self\"  class=\"qbutton  default\" style=\"margin: 0px 10px 0px 0px; \">La experiencia del doctorado<\/a><a  itemprop=\"url\" href=\"https:\/\/peacehdforphd.com\/support-from-professionals\/\" target=\"_self\"  class=\"qbutton  default\" style=\"\">Conoce al equipo de profesionales<\/a>[\/vc_column][vc_column width=&#8221;1\/6&#8243;][\/vc_column][\/vc_row][vc_row css_animation=&#8221;&#8221; row_type=&#8221;row&#8221; use_row_as_full_screen_section=&#8221;no&#8221; type=&#8221;full_width&#8221; angled_section=&#8221;no&#8221; text_align=&#8221;center&#8221; background_image_as_pattern=&#8221;without_pattern&#8221; z_index=&#8221;&#8221; css=&#8221;.vc_custom_1606554512355{padding-top: 110px !important;padding-bottom: 30px !important;background-color: #daf1ef !important;}&#8221; el_id=&#8221;home_row_aims&#8221;][vc_column width=&#8221;1\/6&#8243;][\/vc_column][vc_column width=&#8221;2\/3&#8243;][vc_column_text]<\/p>\n<h2 class=\"p1\" style=\"text-align: center;\"><span class=\"s1\">Lo que PeacehD ofrece<\/span><\/h2>\n<p>[\/vc_column_text][vc_empty_space height=&#8221;10px&#8221;][vc_column_text]<\/p>\n<p dir=\"ltr\">De manera online, Peacehd pretende echarte una mano si sientes que no est\u00e1s llevando tu doctorado de manera tan tranquila como deber\u00edas.<\/p>\n<p>[\/vc_column_text][\/vc_column][vc_column width=&#8221;1\/6&#8243;][\/vc_column][\/vc_row][vc_row css_animation=&#8221;&#8221; row_type=&#8221;row&#8221; use_row_as_full_screen_section=&#8221;no&#8221; type=&#8221;full_width&#8221; angled_section=&#8221;no&#8221; text_align=&#8221;center&#8221; background_image_as_pattern=&#8221;without_pattern&#8221; css=&#8221;.vc_custom_1604167218348{padding-bottom: 80px !important;background-color: #daf1ef !important;}&#8221; z_index=&#8221;&#8221;][vc_column width=&#8221;1\/6&#8243;][\/vc_column][vc_column width=&#8221;2\/3&#8243; css=&#8221;.vc_custom_1604348610413{padding-top: 60px !important;padding-right: 20px !important;padding-bottom: 60px !important;padding-left: 20px !important;background-color: #ffffff !important;border-radius: 5px !important;}&#8221; el_class=&#8221;box_shadow&#8221;][vc_row_inner row_type=&#8221;row&#8221; type=&#8221;full_width&#8221; text_align=&#8221;left&#8221; css_animation=&#8221;&#8221;][vc_column_inner width=&#8221;1\/5&#8243;]<div class='q_icon_with_title medium normal_icon center '><div class=\"icon_holder \" style=\" \"><span data-icon-type=\"normal\"   style=\"\" class=\"qode_iwt_icon_holder q_font_awsome_icon fa-3x  \"><i class=\"qodef-icon-linea-icon icon-basic-cup qode_iwt_icon_element\" style=\"color: #3a6f84;\" ><\/i><\/span><\/div><div class=\"icon_text_holder\" style=\"\"><div class=\"icon_text_inner\" style=\"\"><h6 class=\"icon_title\" style=\"font-weight: 400;\">Experiencia<\/h6>[vc_separator type=\"small\" position=\"left\" color=\"#3a6f84\" thickness=\"2\" width=\"100\" up=\"0\" down=\"10\"]<p style=''>Pone a tu disposici\u00f3n mi experiencia con el doctorado y los desaf\u00edos claves implicados en hacer un doctorado<\/p><\/div><\/div><\/div>[\/vc_column_inner][vc_column_inner width=&#8221;1\/5&#8243;]<div class='q_icon_with_title medium normal_icon center '><div class=\"icon_holder \" style=\" \"><span data-icon-type=\"normal\"   style=\"\" class=\"qode_iwt_icon_holder q_font_awsome_icon fa-3x  \"><i class=\"qodef-icon-linea-icon icon-basic-share qode_iwt_icon_element\" style=\"color: #3a6f84;\" ><\/i><\/span><\/div><div class=\"icon_text_holder\" style=\"\"><div class=\"icon_text_inner\" style=\"\"><h6 class=\"icon_title\" style=\"font-weight: 400;\">Interconexiones<\/h6>[vc_separator type=\"small\" position=\"left\" color=\"#3a6f84\" thickness=\"2\" width=\"100\" up=\"0\" down=\"10\"]<p style=''>Facilita la conexi\u00f3n entre estudiantes de doctorado que est\u00e1n pasando por situaciones similares a trav\u00e9s de los grupos de apoyo<\/p><\/div><\/div><\/div>[\/vc_column_inner][vc_column_inner width=&#8221;1\/5&#8243;]<div class='q_icon_with_title medium normal_icon center '><div class=\"icon_holder \" style=\" \"><span data-icon-type=\"normal\"   style=\"\" class=\"qode_iwt_icon_holder q_font_awsome_icon fa-3x  \"><i class=\"qodef-icon-linea-icon icon-basic-message-txt qode_iwt_icon_element\" style=\"color: #3a6f84;\" ><\/i><\/span><\/div><div class=\"icon_text_holder\" style=\"\"><div class=\"icon_text_inner\" style=\"\"><h6 class=\"icon_title\" style=\"font-weight: 400;\">Coaching<\/h6>[vc_separator type=\"small\" position=\"left\" color=\"#3a6f84\" thickness=\"2\" width=\"100\" up=\"0\" down=\"10\"]<p style=''>Pone a tu servicio a coaches profesional capaces de proporcionarte las herramientas necesarias para lidiar con los desaf\u00edos derivados del doctorado a trav\u00e9s del coaching individual o en grupo<\/p><\/div><\/div><\/div>[\/vc_column_inner][vc_column_inner width=&#8221;1\/5&#8243;]<div class='q_icon_with_title medium normal_icon center '><div class=\"icon_holder \" style=\" \"><span data-icon-type=\"normal\"   style=\"\" class=\"qode_iwt_icon_holder q_font_awsome_icon fa-3x  \"><i class=\"qodef-icon-linea-icon icon-basic-book-pencil qode_iwt_icon_element\" style=\"color: #3a6f84;\" ><\/i><\/span><\/div><div class=\"icon_text_holder\" style=\"\"><div class=\"icon_text_inner\" style=\"\"><h6 class=\"icon_title\" style=\"font-weight: 400;\">Terapia<\/h6>[vc_separator type=\"small\" position=\"left\" color=\"#3a6f84\" thickness=\"2\" width=\"100\" up=\"0\" down=\"10\"]<p style=''>Te da la posibilidad de hacer terapia con profesionales familiarizados con el proceso de doctorado que pueden ayudarte a trav\u00e9s de sesiones individuales y programas de larga duraci\u00f3n<\/p><\/div><\/div><\/div>[\/vc_column_inner][vc_column_inner width=&#8221;1\/5&#8243;]<div class='q_icon_with_title medium normal_icon center '><div class=\"icon_holder \" style=\" \"><span data-icon-type=\"normal\"   style=\"\" class=\"qode_iwt_icon_holder q_font_awsome_icon fa-3x  \"><i class=\"qodef-icon-linea-icon icon-basic-heart qode_iwt_icon_element\" style=\"color: #3a6f84;\" ><\/i><\/span><\/div><div class=\"icon_text_holder\" style=\"\"><div class=\"icon_text_inner\" style=\"\"><h6 class=\"icon_title\" style=\"font-weight: 400;\">Yoga<\/h6>[vc_separator type=\"small\" position=\"left\" color=\"#3a6f84\" thickness=\"2\" width=\"100\" up=\"0\" down=\"10\"]<p style=''>Te ofrece la posibilidad de hacer yoga, que puede ayudarte a concentrarte mejor, liberar el estr\u00e9s y mejorar tu creatividad<\/p><\/div><\/div><\/div>[\/vc_column_inner][\/vc_row_inner][\/vc_column][vc_column width=&#8221;1\/6&#8243;][\/vc_column][\/vc_row][vc_row css_animation=&#8221;&#8221; row_type=&#8221;row&#8221; use_row_as_full_screen_section=&#8221;no&#8221; type=&#8221;full_width&#8221; angled_section=&#8221;no&#8221; text_align=&#8221;center&#8221; background_image_as_pattern=&#8221;without_pattern&#8221; z_index=&#8221;&#8221;][vc_column]<div class=\"call_to_action normal\" style=\"background-color: #0e3d51;padding-top: 40pxpx;padding-bottom: 30pxpx;\"><div class=\"container_inner\"><div class=\"two_columns_75_25 clearfix\"><div class=\"text_wrapper column1\"><div class=\"call_to_action_text  font_size_inherit\" style=\"font-size:24px;\"><span style=\"color: #ffffff;\">\u00bfTe gustar\u00eda charlar de manera regular con otros estudiantes de doctorado que est\u00e9n pasando por situaciones similares a la tuya? \u00a1\u00danete a uno de los grupos de apoyo!<\/span><\/div><\/div><div class=\"button_wrapper column2\"><a itemprop=\"url\" href=\"https:\/\/peacehdforphd.com\/the-phd-experience\/phd-support-groups\/\" class=\"qbutton white \" target=\"\" style=\"\" >Sigue leyendo<\/a><\/div><\/div><\/div><\/div>[\/vc_column][\/vc_row][vc_row css_animation=&#8221;&#8221; row_type=&#8221;row&#8221; use_row_as_full_screen_section=&#8221;no&#8221; type=&#8221;full_width&#8221; angled_section=&#8221;no&#8221; text_align=&#8221;left&#8221; background_image_as_pattern=&#8221;without_pattern&#8221; css=&#8221;.vc_custom_1606768341334{background-image: url(https:\/\/peacehdforphd.com\/wp-content\/uploads\/2020\/11\/fondo_me2-min2-min.jpg?id=1300) !important;background-position: center !important;background-repeat: no-repeat !important;background-size: cover !important;}&#8221; z_index=&#8221;&#8221; el_id=&#8221;home_row_about&#8221;][vc_column width=&#8221;1\/2&#8243; css=&#8221;.vc_custom_1606500347876{padding-top: 10% !important;padding-right: 10% !important;padding-bottom: 10% !important;padding-left: 10% !important;}&#8221;][vc_column_text]<\/p>\n<h2 class=\"p1\" style=\"text-align: left;\"><span class=\"s1\">Sobre m\u00ed<\/span><\/h2>\n<p>[\/vc_column_text][vc_empty_space height=&#8221;20px&#8221;][vc_column_text]<\/p>\n<p dir=\"ltr\">Soy Anna Houstecka y acabo de terminar un doctorado en econom\u00eda en Barcelona. Gracias a mi experiencia con distintas terapias a lo largo de los a\u00f1os, me di cuenta de lo importante que es cuidar la salud mental, algo que me ha ayudado en todas las \u00e1reas de mi vida, especialmente el doctorado.<\/p>\n<p>[\/vc_column_text][vc_empty_space height=&#8221;16px&#8221;][vc_column_text]<\/p>\n<p dir=\"ltr\">Debido a esto, he decidido compartir mi proceso contigo, hablar de los principales problemas que enfrentamos los estudiantes de doctorado y dar ejemplos de c\u00f3mo he resuelto yo algunos de ellos. Tambi\u00e9n quiero ofrecerte distintas opciones que puedan hacerte mejorar tu experiencia con el doctorado a trav\u00e9s de la ayuda de profesionales que pueden tratar tus problemas con herramientas espec\u00edficas.<\/p>\n<p>[\/vc_column_text][vc_empty_space]<a  itemprop=\"url\" href=\"https:\/\/peacehdforphd.com\/the-phd-experience\/my-process\/\" target=\"_self\"  class=\"qbutton  medium default\" style=\"\">Sobre mi proceso<\/a>[\/vc_column][vc_column width=&#8221;1\/2&#8243;][\/vc_column][\/vc_row]<\/p>\n","protected":false},"excerpt":{"rendered":"<p>[vc_row css_animation=&#8221;&#8221; row_type=&#8221;row&#8221; use_row_as_full_screen_section=&#8221;no&#8221; type=&#8221;full_width&#8221; angled_section=&#8221;no&#8221; text_align=&#8221;left&#8221; background_image_as_pattern=&#8221;without_pattern&#8221;][vc_column width=&#8221;1\/2&#8243; css=&#8221;.vc_custom_1606498750323{padding-top: 350px !important;padding-bottom: 350px !important;background-image: url(https:\/\/peacehdforphd.com\/wp-content\/uploads\/2020\/10\/peacehd_bg1.jpg?id=745) !important;background-position: center !important;background-repeat: no-repeat !important;background-size: cover !important;}&#8221; el_id=&#8221;home_row_foto&#8221;][\/vc_column][vc_column width=&#8221;1\/2&#8243; css=&#8221;.vc_custom_1604168565136{padding-top: 180px !important;padding-right: 50px !important;padding-bottom: 60px !important;padding-left: 30px !important;}&#8221;][vc_column_text]Bienvenido a[\/vc_column_text][vc_single_image image=&#8221;1359&#8243; img_size=&#8221;309&#215;50&#8243; qode_css_animation=&#8221;&#8221;][vc_empty_space height=&#8221;10px&#8221;][vc_column_text] PeacehD es una web que proporciona el&#8230;<\/p>\n","protected":false},"author":1,"featured_media":0,"parent":0,"menu_order":0,"comment_status":"closed","ping_status":"closed","template":"full_width.php","meta":[],"yoast_head":"<!-- This site is optimized with the Yoast SEO plugin v15.8 - https:\/\/yoast.com\/wordpress\/plugins\/seo\/ -->\n<title>Inicio - Peacehd<\/title>\n<meta name=\"robots\" content=\"index, follow, max-snippet:-1, max-image-preview:large, max-video-preview:-1\" \/>\n<link rel=\"canonical\" href=\"https:\/\/peacehdforphd.com\/es\/\" \/>\n<meta property=\"og:locale\" content=\"es_ES\" \/>\n<meta property=\"og:type\" content=\"article\" \/>\n<meta property=\"og:title\" content=\"Inicio - Peacehd\" \/>\n<meta property=\"og:description\" content=\"[vc_row css_animation=&#8221;&#8221; row_type=&#8221;row&#8221; use_row_as_full_screen_section=&#8221;no&#8221; type=&#8221;full_width&#8221; angled_section=&#8221;no&#8221; text_align=&#8221;left&#8221; background_image_as_pattern=&#8221;without_pattern&#8221;][vc_column width=&#8221;1\/2&#8243; css=&#8221;.vc_custom_1606498750323{padding-top: 350px !important;padding-bottom: 350px !important;background-image: url(https:\/\/peacehdforphd.com\/wp-content\/uploads\/2020\/10\/peacehd_bg1.jpg?id=745) !important;background-position: center !important;background-repeat: no-repeat !important;background-size: cover !important;}&#8221; el_id=&#8221;home_row_foto&#8221;][\/vc_column][vc_column width=&#8221;1\/2&#8243; css=&#8221;.vc_custom_1604168565136{padding-top: 180px !important;padding-right: 50px !important;padding-bottom: 60px !important;padding-left: 30px !important;}&#8221;][vc_column_text]Bienvenido a[\/vc_column_text][vc_single_image image=&#8221;1359&#8243; img_size=&#8221;309&#215;50&#8243; qode_css_animation=&#8221;&#8221;][vc_empty_space height=&#8221;10px&#8221;][vc_column_text] PeacehD es una web que proporciona el...\" \/>\n<meta property=\"og:url\" content=\"https:\/\/peacehdforphd.com\/es\/\" \/>\n<meta property=\"og:site_name\" content=\"Peacehd\" \/>\n<meta property=\"article:modified_time\" content=\"2020-12-03T14:31:00+00:00\" \/>\n<meta name=\"twitter:card\" content=\"summary_large_image\" \/>\n<meta name=\"twitter:label1\" content=\"Tiempo de lectura\">\n\t<meta name=\"twitter:data1\" content=\"8 minutos\">\n<script type=\"application\/ld+json\" class=\"yoast-schema-graph\">{\"@context\":\"https:\/\/schema.org\",\"@graph\":[{\"@type\":\"Organization\",\"@id\":\"https:\/\/peacehdforphd.com\/en\/#organization\",\"name\":\"PeacehD for PhD\",\"url\":\"https:\/\/peacehdforphd.com\/en\/\",\"sameAs\":[],\"logo\":{\"@type\":\"ImageObject\",\"@id\":\"https:\/\/peacehdforphd.com\/en\/#logo\",\"inLanguage\":\"es\",\"url\":\"https:\/\/peacehdforphd.com\/wp-content\/uploads\/2020\/11\/PeacehD_logo2.png\",\"width\":371,\"height\":60,\"caption\":\"PeacehD for PhD\"},\"image\":{\"@id\":\"https:\/\/peacehdforphd.com\/en\/#logo\"}},{\"@type\":\"WebSite\",\"@id\":\"https:\/\/peacehdforphd.com\/en\/#website\",\"url\":\"https:\/\/peacehdforphd.com\/en\/\",\"name\":\"Peacehd\",\"description\":\"Do your PhD in peace\",\"publisher\":{\"@id\":\"https:\/\/peacehdforphd.com\/en\/#organization\"},\"potentialAction\":[{\"@type\":\"SearchAction\",\"target\":\"https:\/\/peacehdforphd.com\/en\/?s={search_term_string}\",\"query-input\":\"required name=search_term_string\"}],\"inLanguage\":\"es\"},{\"@type\":\"WebPage\",\"@id\":\"https:\/\/peacehdforphd.com\/es\/#webpage\",\"url\":\"https:\/\/peacehdforphd.com\/es\/\",\"name\":\"Inicio - Peacehd\",\"isPartOf\":{\"@id\":\"https:\/\/peacehdforphd.com\/en\/#website\"},\"datePublished\":\"2020-10-31T17:03:57+00:00\",\"dateModified\":\"2020-12-03T14:31:00+00:00\",\"breadcrumb\":{\"@id\":\"https:\/\/peacehdforphd.com\/es\/#breadcrumb\"},\"inLanguage\":\"es\",\"potentialAction\":[{\"@type\":\"ReadAction\",\"target\":[\"https:\/\/peacehdforphd.com\/es\/\"]}]},{\"@type\":\"BreadcrumbList\",\"@id\":\"https:\/\/peacehdforphd.com\/es\/#breadcrumb\",\"itemListElement\":[{\"@type\":\"ListItem\",\"position\":1,\"item\":{\"@type\":\"WebPage\",\"@id\":\"https:\/\/peacehdforphd.com\/es\/home\/\",\"url\":\"https:\/\/peacehdforphd.com\/es\/home\/\",\"name\":\"Home\"}},{\"@type\":\"ListItem\",\"position\":2,\"item\":{\"@type\":\"WebPage\",\"@id\":\"https:\/\/peacehdforphd.com\/es\/\",\"url\":\"https:\/\/peacehdforphd.com\/es\/\",\"name\":\"Inicio\"}}]}]}<\/script>\n<!-- \/ Yoast SEO plugin. -->","_links":{"self":[{"href":"https:\/\/peacehdforphd.com\/es\/wp-json\/wp\/v2\/pages\/1211"}],"collection":[{"href":"https:\/\/peacehdforphd.com\/es\/wp-json\/wp\/v2\/pages"}],"about":[{"href":"https:\/\/peacehdforphd.com\/es\/wp-json\/wp\/v2\/types\/page"}],"author":[{"embeddable":true,"href":"https:\/\/peacehdforphd.com\/es\/wp-json\/wp\/v2\/users\/1"}],"replies":[{"embeddable":true,"href":"https:\/\/peacehdforphd.com\/es\/wp-json\/wp\/v2\/comments?post=1211"}],"version-history":[{"count":29,"href":"https:\/\/peacehdforphd.com\/es\/wp-json\/wp\/v2\/pages\/1211\/revisions"}],"predecessor-version":[{"id":1511,"href":"https:\/\/peacehdforphd.com\/es\/wp-json\/wp\/v2\/pages\/1211\/revisions\/1511"}],"wp:attachment":[{"href":"https:\/\/peacehdforphd.com\/es\/wp-json\/wp\/v2\/media?parent=1211"}],"curies":[{"name":"wp","href":"https:\/\/api.w.org\/{rel}","templated":true}]}}